{"id":5533,"date":"2025-05-24T14:59:58","date_gmt":"2025-05-24T12:59:58","guid":{"rendered":"https:\/\/maison-zellige.com\/?post_type=product&#038;p=5533"},"modified":"2025-11-19T10:47:26","modified_gmt":"2025-11-19T09:47:26","slug":"mosaique-art-finition-arche","status":"publish","type":"product","link":"https:\/\/maison-zellige.com\/en\/product\/mosaique-art-finition-arche\/","title":{"rendered":"Mosaique Art finition arche"},"content":{"rendered":"<p>Panneaux en zelliges artisanaux de F\u00e8s dimension 30*30 cm<\/p>\n<p>Pour toutes r\u00e9alisations sur-mesure merci de nous contacter par mail \u00e0 l&rsquo;adresse suivante :<\/p>\n<p>contact@maison-zellige.com<\/p>","protected":false},"excerpt":{"rendered":"<p>Panneaux en zelliges artisanaux de F\u00e8s dimension 30*30 cm Pour toutes r\u00e9alisations sur-mesure merci de nous contacter par mail \u00e0 l&rsquo;adresse suivante : contact@maison-zellige.com<\/p>","protected":false},"featured_media":5536,"comment_status":"open","ping_status":"closed","template":"","meta":{"_monsterinsights_skip_tracking":false,"_monsterinsights_sitenote_active":false,"_monsterinsights_sitenote_note":"","_monsterinsights_sitenote_category":0},"_links":{"self":[{"href":"https:\/\/maison-zellige.com\/en\/wp-json\/wp\/v2\/product\/5533"}],"collection":[{"href":"https:\/\/maison-zellige.com\/en\/wp-json\/wp\/v2\/product"}],"about":[{"href":"https:\/\/maison-zellige.com\/en\/wp-json\/wp\/v2\/types\/product"}],"replies":[{"embeddable":true,"href":"https:\/\/maison-zellige.com\/en\/wp-json\/wp\/v2\/comments?post=5533"}],"wp:featuredmedia":[{"embeddable":true,"href":"https:\/\/maison-zellige.com\/en\/wp-json\/wp\/v2\/media\/5536"}],"wp:attachment":[{"href":"https:\/\/maison-zellige.com\/en\/wp-json\/wp\/v2\/media?parent=5533"}],"curies":[{"name":"wp","href":"https:\/\/api.w.org\/{rel}","templated":true}]}}