{"id":4748,"date":"2023-06-11T17:12:47","date_gmt":"2023-06-11T15:12:47","guid":{"rendered":"https:\/\/maison-zellige.com\/?post_type=product&#038;p=4748"},"modified":"2025-03-04T11:26:02","modified_gmt":"2025-03-04T10:26:02","slug":"zirk-fassi","status":"publish","type":"product","link":"https:\/\/maison-zellige.com\/en\/product\/zirk-fassi\/","title":{"rendered":"Zirk F\u00e2ssi"},"content":{"rendered":"<p>Panneaux en zelliges artisanaux de F\u00e8s dimension 30*30 cm<\/p>\n<p>Pour toutes r\u00e9alisations sur-mesure merci de nous contacter par mail \u00e0 l&rsquo;adresse suivante :<\/p>\n<p>contact@maison-zellige.com<\/p>","protected":false},"excerpt":{"rendered":"<p>Panneaux en zelliges artisanaux de F\u00e8s dimension 30*30 cm Pour toutes r\u00e9alisations sur-mesure merci de nous contacter par mail \u00e0 l&rsquo;adresse suivante : contact@maison-zellige.com<\/p>","protected":false},"featured_media":4751,"comment_status":"open","ping_status":"closed","template":"","meta":{"_monsterinsights_skip_tracking":false,"_monsterinsights_sitenote_active":false,"_monsterinsights_sitenote_note":"","_monsterinsights_sitenote_category":0},"_links":{"self":[{"href":"https:\/\/maison-zellige.com\/en\/wp-json\/wp\/v2\/product\/4748"}],"collection":[{"href":"https:\/\/maison-zellige.com\/en\/wp-json\/wp\/v2\/product"}],"about":[{"href":"https:\/\/maison-zellige.com\/en\/wp-json\/wp\/v2\/types\/product"}],"replies":[{"embeddable":true,"href":"https:\/\/maison-zellige.com\/en\/wp-json\/wp\/v2\/comments?post=4748"}],"wp:featuredmedia":[{"embeddable":true,"href":"https:\/\/maison-zellige.com\/en\/wp-json\/wp\/v2\/media\/4751"}],"wp:attachment":[{"href":"https:\/\/maison-zellige.com\/en\/wp-json\/wp\/v2\/media?parent=4748"}],"curies":[{"name":"wp","href":"https:\/\/api.w.org\/{rel}","templated":true}]}}