{"id":2633,"date":"2021-05-06T15:16:50","date_gmt":"2021-05-06T13:16:50","guid":{"rendered":"https:\/\/maison-zellige.com\/?post_type=product&#038;p=2633"},"modified":"2024-05-20T21:16:35","modified_gmt":"2024-05-20T19:16:35","slug":"table-ronde-en-zellige","status":"publish","type":"product","link":"https:\/\/maison-zellige.com\/en\/product\/table-ronde-en-zellige\/","title":{"rendered":"Zellige round table"},"content":{"rendered":"<p>Zelliges artisanaux de F\u00e8s<\/p>\n<p>Pour toutes r\u00e9alisations sur-mesure merci de nous contacter par mail \u00e0 l&rsquo;adresse suivante :<\/p>\n<p>contact@maison-zellige.com<\/p>","protected":false},"excerpt":{"rendered":"<p>Zelliges artisanaux de F\u00e8s Pour toutes r\u00e9alisations sur-mesure merci de nous contacter par mail \u00e0 l&rsquo;adresse suivante : contact@maison-zellige.com<\/p>","protected":false},"featured_media":2629,"comment_status":"open","ping_status":"closed","template":"","meta":{"_monsterinsights_skip_tracking":false,"_monsterinsights_sitenote_active":false,"_monsterinsights_sitenote_note":"","_monsterinsights_sitenote_category":0},"_links":{"self":[{"href":"https:\/\/maison-zellige.com\/en\/wp-json\/wp\/v2\/product\/2633"}],"collection":[{"href":"https:\/\/maison-zellige.com\/en\/wp-json\/wp\/v2\/product"}],"about":[{"href":"https:\/\/maison-zellige.com\/en\/wp-json\/wp\/v2\/types\/product"}],"replies":[{"embeddable":true,"href":"https:\/\/maison-zellige.com\/en\/wp-json\/wp\/v2\/comments?post=2633"}],"wp:featuredmedia":[{"embeddable":true,"href":"https:\/\/maison-zellige.com\/en\/wp-json\/wp\/v2\/media\/2629"}],"wp:attachment":[{"href":"https:\/\/maison-zellige.com\/en\/wp-json\/wp\/v2\/media?parent=2633"}],"curies":[{"name":"wp","href":"https:\/\/api.w.org\/{rel}","templated":true}]}}