{"id":2597,"date":"2021-04-30T14:07:19","date_gmt":"2021-04-30T12:07:19","guid":{"rendered":"https:\/\/maison-zellige.com\/?post_type=product&#038;p=2597"},"modified":"2023-02-11T13:20:30","modified_gmt":"2023-02-11T12:20:30","slug":"frises-zelliges","status":"publish","type":"product","link":"https:\/\/maison-zellige.com\/en\/product\/frises-zelliges\/","title":{"rendered":"zellige friezes"},"content":{"rendered":"<p>Frises en zelliges artisanaux de F\u00e8s<\/p>\n<p>Pour toutes r\u00e9alisations sur-mesure merci de nous contacter par mail \u00e0 l&rsquo;adresse suivante :<\/p>\n<p>contact@maison-zellige.com<\/p>","protected":false},"excerpt":{"rendered":"<p>Frises en zelliges artisanaux de F\u00e8s Pour toutes r\u00e9alisations sur-mesure merci de nous contacter par mail \u00e0 l&rsquo;adresse suivante : contact@maison-zellige.com<\/p>","protected":false},"featured_media":2609,"comment_status":"open","ping_status":"closed","template":"","meta":{"_monsterinsights_skip_tracking":false,"_monsterinsights_sitenote_active":false,"_monsterinsights_sitenote_note":"","_monsterinsights_sitenote_category":0},"_links":{"self":[{"href":"https:\/\/maison-zellige.com\/en\/wp-json\/wp\/v2\/product\/2597"}],"collection":[{"href":"https:\/\/maison-zellige.com\/en\/wp-json\/wp\/v2\/product"}],"about":[{"href":"https:\/\/maison-zellige.com\/en\/wp-json\/wp\/v2\/types\/product"}],"replies":[{"embeddable":true,"href":"https:\/\/maison-zellige.com\/en\/wp-json\/wp\/v2\/comments?post=2597"}],"wp:featuredmedia":[{"embeddable":true,"href":"https:\/\/maison-zellige.com\/en\/wp-json\/wp\/v2\/media\/2609"}],"wp:attachment":[{"href":"https:\/\/maison-zellige.com\/en\/wp-json\/wp\/v2\/media?parent=2597"}],"curies":[{"name":"wp","href":"https:\/\/api.w.org\/{rel}","templated":true}]}}