{"id":3737,"date":"2022-02-18T10:15:48","date_gmt":"2022-02-18T09:15:48","guid":{"rendered":"https:\/\/maison-zellige.com\/?page_id=3737"},"modified":"2022-03-03T11:51:58","modified_gmt":"2022-03-03T10:51:58","slug":"zellige-marocain","status":"publish","type":"page","link":"https:\/\/maison-zellige.com\/en\/zellige-marocain\/","title":{"rendered":"MOROCCAN ZELLIGE"},"content":{"rendered":"<div data-elementor-type=\"wp-page\" data-elementor-id=\"3737\" class=\"elementor elementor-3737\" data-elementor-post-type=\"page\">\n\t\t\t\t\t\t<section class=\"elementor-section elementor-top-section elementor-element elementor-element-5266685 elementor-section-boxed elementor-section-height-default elementor-section-height-default\" data-id=\"5266685\" data-element_type=\"section\">\n\t\t\t\t\t\t<div class=\"elementor-container elementor-column-gap-default\">\n\t\t\t\t\t<div class=\"elementor-column elementor-col-100 elementor-top-column elementor-element elementor-element-f59736e\" data-id=\"f59736e\" data-element_type=\"column\">\n\t\t\t<div class=\"elementor-widget-wrap elementor-element-populated\">\n\t\t\t\t\t\t<div class=\"elementor-element elementor-element-297c7d1 elementor-widget elementor-widget-heading\" data-id=\"297c7d1\" data-element_type=\"widget\" data-widget_type=\"heading.default\">\n\t\t\t\t<div class=\"elementor-widget-container\">\n\t\t\t\t\t<h1 class=\"elementor-heading-title elementor-size-default\">Moroccan zellige<\/h1>\t\t\t\t<\/div>\n\t\t\t\t<\/div>\n\t\t\t\t<div class=\"elementor-element elementor-element-33daefd elementor-widget elementor-widget-heading\" data-id=\"33daefd\" data-element_type=\"widget\" data-widget_type=\"heading.default\">\n\t\t\t\t<div class=\"elementor-widget-container\">\n\t\t\t\t\t<h2 class=\"elementor-heading-title elementor-size-default\">A timeless mosaic composed of different angular shapes, symbols and colors, Moroccan Zellige is now becoming very popular among individuals and professionals around the world.<\/h2>\t\t\t\t<\/div>\n\t\t\t\t<\/div>\n\t\t\t\t<div class=\"elementor-element elementor-element-b9bfb1a elementor-widget elementor-widget-spacer\" data-id=\"b9bfb1a\" data-element_type=\"widget\" data-widget_type=\"spacer.default\">\n\t\t\t\t<div class=\"elementor-widget-container\">\n\t\t\t\t\t\t\t<div class=\"elementor-spacer\">\n\t\t\t<div class=\"elementor-spacer-inner\"><\/div>\n\t\t<\/div>\n\t\t\t\t\t\t<\/div>\n\t\t\t\t<\/div>\n\t\t\t\t\t<\/div>\n\t\t<\/div>\n\t\t\t\t\t<\/div>\n\t\t<\/section>\n\t\t\t\t<section class=\"elementor-section elementor-top-section elementor-element elementor-element-5e7c773 elementor-section-boxed elementor-section-height-default elementor-section-height-default\" data-id=\"5e7c773\" data-element_type=\"section\">\n\t\t\t\t\t\t<div class=\"elementor-container elementor-column-gap-default\">\n\t\t\t\t\t<div class=\"elementor-column elementor-col-50 elementor-top-column elementor-element elementor-element-501128e\" data-id=\"501128e\" data-element_type=\"column\">\n\t\t\t<div class=\"elementor-widget-wrap elementor-element-populated\">\n\t\t\t\t\t\t<div class=\"elementor-element elementor-element-d843f5e elementor-widget elementor-widget-text-editor\" data-id=\"d843f5e\" data-element_type=\"widget\" data-widget_type=\"text-editor.default\">\n\t\t\t\t<div class=\"elementor-widget-container\">\n\t\t\t\t\t\t\t\t\t<p class=\"p1\"><strong><span class=\"s1\">History of marrocan Zellige<\/span><\/strong><\/p><p class=\"p1\">The art of zellige appeared in Morocco more than a millennium ago. Of Roman inspiration, it is one of the jewels of Moorish and Berber architecture.<\/p><p class=\"p1\">Historical use is the ornament of palaces, spiritual places, hammams and fountains.<\/p><p class=\"p1\">The geometric and colorful assembly of the tesserae, these small pieces of enamelled terracotta cut into different shapes, is done according to complex patterns and with spiritual meanings.<\/p><p class=\"p1\">Symbolically, the union of colors, shapes and rhythms pays homage to the beauty of the universe and invites meditation.<\/p><p class=\"p1\">\u00a0<\/p>\t\t\t\t\t\t\t\t<\/div>\n\t\t\t\t<\/div>\n\t\t\t\t<div class=\"elementor-element elementor-element-d0a5528 elementor-widget elementor-widget-spacer\" data-id=\"d0a5528\" data-element_type=\"widget\" data-widget_type=\"spacer.default\">\n\t\t\t\t<div class=\"elementor-widget-container\">\n\t\t\t\t\t\t\t<div class=\"elementor-spacer\">\n\t\t\t<div class=\"elementor-spacer-inner\"><\/div>\n\t\t<\/div>\n\t\t\t\t\t\t<\/div>\n\t\t\t\t<\/div>\n\t\t\t\t\t<\/div>\n\t\t<\/div>\n\t\t\t\t<div class=\"elementor-column elementor-col-50 elementor-top-column elementor-element elementor-element-fe3019e\" data-id=\"fe3019e\" data-element_type=\"column\">\n\t\t\t<div class=\"elementor-widget-wrap elementor-element-populated\">\n\t\t\t\t\t\t<div class=\"elementor-element elementor-element-ece7b40 elementor-widget elementor-widget-image\" data-id=\"ece7b40\" data-element_type=\"widget\" data-widget_type=\"image.default\">\n\t\t\t\t<div class=\"elementor-widget-container\">\n\t\t\t\t\t\t\t\t\t\t\t\t\t\t\t<img fetchpriority=\"high\" decoding=\"async\" width=\"800\" height=\"588\" src=\"https:\/\/maison-zellige.com\/wp-content\/uploads\/2021\/12\/IMG_20211211_131532-1024x752.jpg\" class=\"attachment-large size-large wp-image-3567\" alt=\"carrelage zellige marocain cuisine\" srcset=\"https:\/\/maison-zellige.com\/wp-content\/uploads\/2021\/12\/IMG_20211211_131532-1024x752.jpg 1024w, https:\/\/maison-zellige.com\/wp-content\/uploads\/2021\/12\/IMG_20211211_131532-300x220.jpg 300w, https:\/\/maison-zellige.com\/wp-content\/uploads\/2021\/12\/IMG_20211211_131532-768x564.jpg 768w, https:\/\/maison-zellige.com\/wp-content\/uploads\/2021\/12\/IMG_20211211_131532-600x441.jpg 600w, https:\/\/maison-zellige.com\/wp-content\/uploads\/2021\/12\/IMG_20211211_131532.jpg 1080w\" sizes=\"(max-width: 800px) 100vw, 800px\" \/>\t\t\t\t\t\t\t\t\t\t\t\t\t\t\t<\/div>\n\t\t\t\t<\/div>\n\t\t\t\t\t<\/div>\n\t\t<\/div>\n\t\t\t\t\t<\/div>\n\t\t<\/section>\n\t\t\t\t<section class=\"elementor-section elementor-top-section elementor-element elementor-element-6bb7de2 elementor-section-boxed elementor-section-height-default elementor-section-height-default\" data-id=\"6bb7de2\" data-element_type=\"section\">\n\t\t\t\t\t\t<div class=\"elementor-container elementor-column-gap-default\">\n\t\t\t\t\t<div class=\"elementor-column elementor-col-100 elementor-top-column elementor-element elementor-element-9084370\" data-id=\"9084370\" data-element_type=\"column\">\n\t\t\t<div class=\"elementor-widget-wrap elementor-element-populated\">\n\t\t\t\t\t\t<div class=\"elementor-element elementor-element-894f38e elementor-widget elementor-widget-spacer\" data-id=\"894f38e\" data-element_type=\"widget\" data-widget_type=\"spacer.default\">\n\t\t\t\t<div class=\"elementor-widget-container\">\n\t\t\t\t\t\t\t<div class=\"elementor-spacer\">\n\t\t\t<div class=\"elementor-spacer-inner\"><\/div>\n\t\t<\/div>\n\t\t\t\t\t\t<\/div>\n\t\t\t\t<\/div>\n\t\t\t\t\t<\/div>\n\t\t<\/div>\n\t\t\t\t\t<\/div>\n\t\t<\/section>\n\t\t\t\t<section class=\"elementor-section elementor-top-section elementor-element elementor-element-cd6f84d elementor-section-boxed elementor-section-height-default elementor-section-height-default\" data-id=\"cd6f84d\" data-element_type=\"section\">\n\t\t\t\t\t\t<div class=\"elementor-container elementor-column-gap-default\">\n\t\t\t\t\t<div class=\"elementor-column elementor-col-50 elementor-top-column elementor-element elementor-element-69c39df\" data-id=\"69c39df\" data-element_type=\"column\">\n\t\t\t<div class=\"elementor-widget-wrap elementor-element-populated\">\n\t\t\t\t\t\t<div class=\"elementor-element elementor-element-93ba8c3 elementor-widget elementor-widget-image\" data-id=\"93ba8c3\" data-element_type=\"widget\" data-widget_type=\"image.default\">\n\t\t\t\t<div class=\"elementor-widget-container\">\n\t\t\t\t\t\t\t\t\t\t\t\t\t\t\t<img decoding=\"async\" width=\"800\" height=\"800\" src=\"https:\/\/maison-zellige.com\/wp-content\/uploads\/2020\/10\/038.jpg\" class=\"attachment-large size-large wp-image-608\" alt=\"Carrelage Zellige marocain vert\" srcset=\"https:\/\/maison-zellige.com\/wp-content\/uploads\/2020\/10\/038.jpg 800w, https:\/\/maison-zellige.com\/wp-content\/uploads\/2020\/10\/038-300x300.jpg 300w, https:\/\/maison-zellige.com\/wp-content\/uploads\/2020\/10\/038-100x100.jpg 100w, https:\/\/maison-zellige.com\/wp-content\/uploads\/2020\/10\/038-600x600.jpg 600w, https:\/\/maison-zellige.com\/wp-content\/uploads\/2020\/10\/038-150x150.jpg 150w, https:\/\/maison-zellige.com\/wp-content\/uploads\/2020\/10\/038-768x768.jpg 768w\" sizes=\"(max-width: 800px) 100vw, 800px\" \/>\t\t\t\t\t\t\t\t\t\t\t\t\t\t\t<\/div>\n\t\t\t\t<\/div>\n\t\t\t\t\t<\/div>\n\t\t<\/div>\n\t\t\t\t<div class=\"elementor-column elementor-col-50 elementor-top-column elementor-element elementor-element-748a7da\" data-id=\"748a7da\" data-element_type=\"column\">\n\t\t\t<div class=\"elementor-widget-wrap elementor-element-populated\">\n\t\t\t\t\t\t<div class=\"elementor-element elementor-element-4910529 elementor-widget elementor-widget-text-editor\" data-id=\"4910529\" data-element_type=\"widget\" data-widget_type=\"text-editor.default\">\n\t\t\t\t<div class=\"elementor-widget-container\">\n\t\t\t\t\t\t\t\t\t<p class=\"p1\"><strong><span class=\"s1\">Its manufacture<\/span><\/strong><\/p><p class=\"p1\">The raw material of the zellige is the natural clay of Fez, extremely resistant and unique in its kind.<span class=\"Apple-converted-space\">\u00a0<\/span><\/p><p class=\"p1\">The molding is done piece by piece using templates, the clay is dried in the open air and cooked over a wood fire.<\/p><p class=\"p1\">The work of traditional zellige is carried out by master craftsmen who cut it manually to obtain the desired shapes.<\/p><p class=\"p1 translation-block\">To find out more about our handcrafted Zellige tiles, visit <a href=\"https:\/\/maison-zellige.com\/en\/categorie-produit\/zellige-bleu-green-noir-blanc-rose-jaune\/\" target=\" _self\"><span class=\"s2\">here<\/span><\/a>.<\/p>\t\t\t\t\t\t\t\t<\/div>\n\t\t\t\t<\/div>\n\t\t\t\t\t<\/div>\n\t\t<\/div>\n\t\t\t\t\t<\/div>\n\t\t<\/section>\n\t\t\t\t<section class=\"elementor-section elementor-top-section elementor-element elementor-element-6afaed7 elementor-section-boxed elementor-section-height-default elementor-section-height-default\" data-id=\"6afaed7\" data-element_type=\"section\">\n\t\t\t\t\t\t<div class=\"elementor-container elementor-column-gap-default\">\n\t\t\t\t\t<div class=\"elementor-column elementor-col-100 elementor-top-column elementor-element elementor-element-9ac1164\" data-id=\"9ac1164\" data-element_type=\"column\">\n\t\t\t<div class=\"elementor-widget-wrap elementor-element-populated\">\n\t\t\t\t\t\t<div class=\"elementor-element elementor-element-5fe472e elementor-widget elementor-widget-spacer\" data-id=\"5fe472e\" data-element_type=\"widget\" data-widget_type=\"spacer.default\">\n\t\t\t\t<div class=\"elementor-widget-container\">\n\t\t\t\t\t\t\t<div class=\"elementor-spacer\">\n\t\t\t<div class=\"elementor-spacer-inner\"><\/div>\n\t\t<\/div>\n\t\t\t\t\t\t<\/div>\n\t\t\t\t<\/div>\n\t\t\t\t\t<\/div>\n\t\t<\/div>\n\t\t\t\t\t<\/div>\n\t\t<\/section>\n\t\t\t\t<section class=\"elementor-section elementor-top-section elementor-element elementor-element-7215170 elementor-section-boxed elementor-section-height-default elementor-section-height-default\" data-id=\"7215170\" data-element_type=\"section\">\n\t\t\t\t\t\t<div class=\"elementor-container elementor-column-gap-default\">\n\t\t\t\t\t<div class=\"elementor-column elementor-col-50 elementor-top-column elementor-element elementor-element-af1695f\" data-id=\"af1695f\" data-element_type=\"column\">\n\t\t\t<div class=\"elementor-widget-wrap elementor-element-populated\">\n\t\t\t\t\t\t<div class=\"elementor-element elementor-element-01c6b35 elementor-widget elementor-widget-text-editor\" data-id=\"01c6b35\" data-element_type=\"widget\" data-widget_type=\"text-editor.default\">\n\t\t\t\t<div class=\"elementor-widget-container\">\n\t\t\t\t\t\t\t\t\t<p class=\"p1\"><span class=\"s1\"><strong>Our different uses of Zellige<\/strong><\/span><\/p><p>Our traditional Zellige is very popular with our customers because it beautifies their living rooms: living room, kitchen, bathroom or even terrace \/ balcony. <br \/>We also manufacture custom-made Zellige furniture.<br \/>Thus, whether you are an individual or a professional, our tailor-made creations illuminate your interiors and enchant your daily life.<span class=\"s1\"><br \/><\/span><\/p><p class=\"p1\">The geometric shapes and the floral theme used in the design of Moroccan Zellige make it possible to combine aesthetics, harmony and mathematical structure, all according to an artisanal process and natural materials.<\/p><p class=\"p1 translation-block\">Contact us <a href=\"https:\/\/maison-zellige.com\/en\/contactez-nous\/\" target=\"_self\"><span class=\"s2\">here,<\/span><\/a> for your order of handmade Moroccan Zellige.<\/p>\t\t\t\t\t\t\t\t<\/div>\n\t\t\t\t<\/div>\n\t\t\t\t\t<\/div>\n\t\t<\/div>\n\t\t\t\t<div class=\"elementor-column elementor-col-50 elementor-top-column elementor-element elementor-element-5ebab00\" data-id=\"5ebab00\" data-element_type=\"column\">\n\t\t\t<div class=\"elementor-widget-wrap elementor-element-populated\">\n\t\t\t\t\t\t<div class=\"elementor-element elementor-element-f2d5fa5 elementor-widget elementor-widget-image\" data-id=\"f2d5fa5\" data-element_type=\"widget\" data-widget_type=\"image.default\">\n\t\t\t\t<div class=\"elementor-widget-container\">\n\t\t\t\t\t\t\t\t\t\t\t\t\t\t\t<img decoding=\"async\" width=\"768\" height=\"768\" src=\"https:\/\/maison-zellige.com\/wp-content\/uploads\/2021\/12\/IMG_20191028_144731_637-1.jpg\" class=\"attachment-large size-large wp-image-3561\" alt=\"Carrelage Zellige marocain cuisine\" srcset=\"https:\/\/maison-zellige.com\/wp-content\/uploads\/2021\/12\/IMG_20191028_144731_637-1.jpg 768w, https:\/\/maison-zellige.com\/wp-content\/uploads\/2021\/12\/IMG_20191028_144731_637-1-300x300.jpg 300w, https:\/\/maison-zellige.com\/wp-content\/uploads\/2021\/12\/IMG_20191028_144731_637-1-150x150.jpg 150w, https:\/\/maison-zellige.com\/wp-content\/uploads\/2021\/12\/IMG_20191028_144731_637-1-600x600.jpg 600w, https:\/\/maison-zellige.com\/wp-content\/uploads\/2021\/12\/IMG_20191028_144731_637-1-100x100.jpg 100w\" sizes=\"(max-width: 768px) 100vw, 768px\" \/>\t\t\t\t\t\t\t\t\t\t\t\t\t\t\t<\/div>\n\t\t\t\t<\/div>\n\t\t\t\t\t<\/div>\n\t\t<\/div>\n\t\t\t\t\t<\/div>\n\t\t<\/section>\n\t\t\t\t<section class=\"elementor-section elementor-top-section elementor-element elementor-element-8c6c1d4 elementor-section-boxed elementor-section-height-default elementor-section-height-default\" data-id=\"8c6c1d4\" data-element_type=\"section\">\n\t\t\t\t\t\t<div class=\"elementor-container elementor-column-gap-default\">\n\t\t\t\t\t<div class=\"elementor-column elementor-col-100 elementor-top-column elementor-element elementor-element-f7e8465\" data-id=\"f7e8465\" data-element_type=\"column\">\n\t\t\t<div class=\"elementor-widget-wrap elementor-element-populated\">\n\t\t\t\t\t\t<div class=\"elementor-element elementor-element-82afe50 elementor-widget elementor-widget-spacer\" data-id=\"82afe50\" data-element_type=\"widget\" data-widget_type=\"spacer.default\">\n\t\t\t\t<div class=\"elementor-widget-container\">\n\t\t\t\t\t\t\t<div class=\"elementor-spacer\">\n\t\t\t<div class=\"elementor-spacer-inner\"><\/div>\n\t\t<\/div>\n\t\t\t\t\t\t<\/div>\n\t\t\t\t<\/div>\n\t\t\t\t\t<\/div>\n\t\t<\/div>\n\t\t\t\t\t<\/div>\n\t\t<\/section>\n\t\t\t\t<\/div>","protected":false},"excerpt":{"rendered":"<p>le zellige marocain Mosa\u00efque intemporelle compos\u00e9e de diff\u00e9rentes formes angulaires, symboles et couleurs, le Zellige marocain devient aujourd\u2019hui tr\u00e8s populaire chez les particuliers et professionnels \u00e0 travers le Monde.\u2028 L\u2019histoire du Zellige marocain L\u2019art du zellige est apparu au Maroc il y a plus d\u2019un mill\u00e9naire. D\u2019inspiration romaine, il constitue un des fleurons de l\u2019architecture [&hellip;]<\/p>\n","protected":false},"author":1,"featured_media":0,"parent":0,"menu_order":0,"comment_status":"closed","ping_status":"closed","template":"","meta":{"_monsterinsights_skip_tracking":false,"_monsterinsights_sitenote_active":false,"_monsterinsights_sitenote_note":"","_monsterinsights_sitenote_category":0,"footnotes":""},"_links":{"self":[{"href":"https:\/\/maison-zellige.com\/en\/wp-json\/wp\/v2\/pages\/3737"}],"collection":[{"href":"https:\/\/maison-zellige.com\/en\/wp-json\/wp\/v2\/pages"}],"about":[{"href":"https:\/\/maison-zellige.com\/en\/wp-json\/wp\/v2\/types\/page"}],"author":[{"embeddable":true,"href":"https:\/\/maison-zellige.com\/en\/wp-json\/wp\/v2\/users\/1"}],"replies":[{"embeddable":true,"href":"https:\/\/maison-zellige.com\/en\/wp-json\/wp\/v2\/comments?post=3737"}],"version-history":[{"count":0,"href":"https:\/\/maison-zellige.com\/en\/wp-json\/wp\/v2\/pages\/3737\/revisions"}],"wp:attachment":[{"href":"https:\/\/maison-zellige.com\/en\/wp-json\/wp\/v2\/media?parent=3737"}],"curies":[{"name":"wp","href":"https:\/\/api.w.org\/{rel}","templated":true}]}}