{"id":3413,"date":"2021-11-18T12:48:24","date_gmt":"2021-11-18T11:48:24","guid":{"rendered":"https:\/\/maison-zellige.com\/?page_id=3413"},"modified":"2021-11-18T12:48:26","modified_gmt":"2021-11-18T11:48:26","slug":"conseils-formes-zelliges","status":"publish","type":"page","link":"https:\/\/maison-zellige.com\/en\/conseils-formes-zelliges\/","title":{"rendered":"Conseils\/Formes zelliges"},"content":{"rendered":"<p>D\u00e9couvrez nos  conseils en pose, choix de formes et pr\u00e9sentation de notre zellige fabriqu\u00e9 main \u00e0 F\u00e8s au Maroc.<\/p>","protected":false},"excerpt":{"rendered":"<p>D\u00e9couvrez nos conseils en pose, choix de formes et pr\u00e9sentation de notre zellige fabriqu\u00e9 main \u00e0 F\u00e8s au Maroc.<\/p>","protected":false},"author":1,"featured_media":0,"parent":0,"menu_order":0,"comment_status":"closed","ping_status":"closed","template":"","meta":{"_monsterinsights_skip_tracking":false,"_monsterinsights_sitenote_active":false,"_monsterinsights_sitenote_note":"","_monsterinsights_sitenote_category":0,"footnotes":""},"_links":{"self":[{"href":"https:\/\/maison-zellige.com\/en\/wp-json\/wp\/v2\/pages\/3413"}],"collection":[{"href":"https:\/\/maison-zellige.com\/en\/wp-json\/wp\/v2\/pages"}],"about":[{"href":"https:\/\/maison-zellige.com\/en\/wp-json\/wp\/v2\/types\/page"}],"author":[{"embeddable":true,"href":"https:\/\/maison-zellige.com\/en\/wp-json\/wp\/v2\/users\/1"}],"replies":[{"embeddable":true,"href":"https:\/\/maison-zellige.com\/en\/wp-json\/wp\/v2\/comments?post=3413"}],"version-history":[{"count":0,"href":"https:\/\/maison-zellige.com\/en\/wp-json\/wp\/v2\/pages\/3413\/revisions"}],"wp:attachment":[{"href":"https:\/\/maison-zellige.com\/en\/wp-json\/wp\/v2\/media?parent=3413"}],"curies":[{"name":"wp","href":"https:\/\/api.w.org\/{rel}","templated":true}]}}