{"id":338,"date":"2020-10-08T16:34:21","date_gmt":"2020-10-08T14:34:21","guid":{"rendered":"https:\/\/maison-zellige.com\/?page_id=338"},"modified":"2022-11-05T15:24:42","modified_gmt":"2022-11-05T14:24:42","slug":"carreaux-de-ciment","status":"publish","type":"page","link":"https:\/\/maison-zellige.com\/en\/carreaux-de-ciment\/","title":{"rendered":"HANDCARFT CEMENT TILES"},"content":{"rendered":"<div data-elementor-type=\"wp-page\" data-elementor-id=\"338\" class=\"elementor elementor-338\" data-elementor-post-type=\"page\">\n\t\t\t\t\t\t<section class=\"elementor-section elementor-top-section elementor-element elementor-element-fbb457a elementor-section-boxed elementor-section-height-default elementor-section-height-default\" data-id=\"fbb457a\" data-element_type=\"section\">\n\t\t\t\t\t\t<div class=\"elementor-container elementor-column-gap-default\">\n\t\t\t\t\t<div class=\"elementor-column elementor-col-100 elementor-top-column elementor-element elementor-element-1e2454f\" data-id=\"1e2454f\" data-element_type=\"column\">\n\t\t\t<div class=\"elementor-widget-wrap elementor-element-populated\">\n\t\t\t\t\t\t<div class=\"elementor-element elementor-element-200fef8 elementor-widget elementor-widget-heading\" data-id=\"200fef8\" data-element_type=\"widget\" data-widget_type=\"heading.default\">\n\t\t\t\t<div class=\"elementor-widget-container\">\n\t\t\t\t\t<h1 class=\"elementor-heading-title elementor-size-default\">carreaux de ciment\/ Granito<\/h1>\t\t\t\t<\/div>\n\t\t\t\t<\/div>\n\t\t\t\t\t<\/div>\n\t\t<\/div>\n\t\t\t\t\t<\/div>\n\t\t<\/section>\n\t\t\t\t<section class=\"elementor-section elementor-top-section elementor-element elementor-element-9d8343d elementor-section-boxed elementor-section-height-default elementor-section-height-default\" data-id=\"9d8343d\" data-element_type=\"section\">\n\t\t\t\t\t\t<div class=\"elementor-container elementor-column-gap-default\">\n\t\t\t\t\t<div class=\"elementor-column elementor-col-100 elementor-top-column elementor-element elementor-element-d8b8dc0\" data-id=\"d8b8dc0\" data-element_type=\"column\">\n\t\t\t<div class=\"elementor-widget-wrap elementor-element-populated\">\n\t\t\t\t\t\t<div class=\"elementor-element elementor-element-2aa840d elementor-widget elementor-widget-text-editor\" data-id=\"2aa840d\" data-element_type=\"widget\" data-widget_type=\"text-editor.default\">\n\t\t\t\t<div class=\"elementor-widget-container\">\n\t\t\t\t\t\t\t\t\t<p>Our Moroccan and French master craftsmen are pleased to offer you a range of handmade products that combine aesthetics with resistance and durability.<\/p>\t\t\t\t\t\t\t\t<\/div>\n\t\t\t\t<\/div>\n\t\t\t\t\t<\/div>\n\t\t<\/div>\n\t\t\t\t\t<\/div>\n\t\t<\/section>\n\t\t\t\t<section class=\"elementor-section elementor-top-section elementor-element elementor-element-368bf03 elementor-section-boxed elementor-section-height-default elementor-section-height-default\" data-id=\"368bf03\" data-element_type=\"section\">\n\t\t\t\t\t\t<div class=\"elementor-container elementor-column-gap-default\">\n\t\t\t\t\t<div class=\"elementor-column elementor-col-100 elementor-top-column elementor-element elementor-element-c1ede7d\" data-id=\"c1ede7d\" data-element_type=\"column\">\n\t\t\t<div class=\"elementor-widget-wrap elementor-element-populated\">\n\t\t\t\t\t\t<div class=\"elementor-element elementor-element-d9142ff elementor-widget elementor-widget-gallery\" data-id=\"d9142ff\" data-element_type=\"widget\" data-settings=\"{&quot;aspect_ratio&quot;:&quot;1:1&quot;,&quot;lazyload&quot;:&quot;yes&quot;,&quot;gallery_layout&quot;:&quot;grid&quot;,&quot;columns&quot;:4,&quot;columns_tablet&quot;:2,&quot;columns_mobile&quot;:1,&quot;gap&quot;:{&quot;unit&quot;:&quot;px&quot;,&quot;size&quot;:10,&quot;sizes&quot;:[]},&quot;gap_tablet&quot;:{&quot;unit&quot;:&quot;px&quot;,&quot;size&quot;:10,&quot;sizes&quot;:[]},&quot;gap_mobile&quot;:{&quot;unit&quot;:&quot;px&quot;,&quot;size&quot;:10,&quot;sizes&quot;:[]},&quot;link_to&quot;:&quot;file&quot;,&quot;overlay_background&quot;:&quot;yes&quot;,&quot;content_hover_animation&quot;:&quot;fade-in&quot;}\" data-widget_type=\"gallery.default\">\n\t\t\t\t<div class=\"elementor-widget-container\">\n\t\t\t\t\t\t\t<div class=\"elementor-gallery__container\">\n\t\t\t\t\t\t\t<a class=\"e-gallery-item elementor-gallery-item elementor-animated-content\" href=\"https:\/\/maison-zellige.com\/wp-content\/uploads\/2020\/10\/car-cim-arch.jpg\" data-elementor-open-lightbox=\"yes\" data-elementor-lightbox-slideshow=\"d9142ff\" data-elementor-lightbox-title=\"car-cim-arch\" data-e-action-hash=\"#elementor-action%3Aaction%3Dlightbox%26settings%3DeyJpZCI6MTY5MywidXJsIjoiaHR0cHM6XC9cL21haXNvbi16ZWxsaWdlLmNvbVwvd3AtY29udGVudFwvdXBsb2Fkc1wvMjAyMFwvMTBcL2Nhci1jaW0tYXJjaC5qcGciLCJzbGlkZXNob3ciOiJkOTE0MmZmIn0%3D\">\n\t\t\t\t\t<div class=\"e-gallery-image elementor-gallery-item__image\" data-thumbnail=\"https:\/\/maison-zellige.com\/wp-content\/uploads\/2020\/10\/car-cim-arch.jpg\" data-width=\"800\" data-height=\"448\" aria-label=\"\" role=\"img\" ><\/div>\n\t\t\t\t\t\t\t\t\t\t\t<div class=\"elementor-gallery-item__overlay\"><\/div>\n\t\t\t\t\t\t\t\t\t\t\t\t\t\t<\/a>\n\t\t\t\t\t\t\t<a class=\"e-gallery-item elementor-gallery-item elementor-animated-content\" href=\"https:\/\/maison-zellige.com\/wp-content\/uploads\/2020\/10\/CARREAUX_DE_CIMENT_01.jpg\" data-elementor-open-lightbox=\"yes\" data-elementor-lightbox-slideshow=\"d9142ff\" data-elementor-lightbox-title=\"CARREAUX_DE_CIMENT_01\" data-e-action-hash=\"#elementor-action%3Aaction%3Dlightbox%26settings%3DeyJpZCI6MzQyLCJ1cmwiOiJodHRwczpcL1wvbWFpc29uLXplbGxpZ2UuY29tXC93cC1jb250ZW50XC91cGxvYWRzXC8yMDIwXC8xMFwvQ0FSUkVBVVhfREVfQ0lNRU5UXzAxLmpwZyIsInNsaWRlc2hvdyI6ImQ5MTQyZmYifQ%3D%3D\">\n\t\t\t\t\t<div class=\"e-gallery-image elementor-gallery-item__image\" data-thumbnail=\"https:\/\/maison-zellige.com\/wp-content\/uploads\/2020\/10\/CARREAUX_DE_CIMENT_01.jpg\" data-width=\"400\" data-height=\"400\" aria-label=\"\" role=\"img\" ><\/div>\n\t\t\t\t\t\t\t\t\t\t\t<div class=\"elementor-gallery-item__overlay\"><\/div>\n\t\t\t\t\t\t\t\t\t\t\t\t\t\t<\/a>\n\t\t\t\t\t\t\t<a class=\"e-gallery-item elementor-gallery-item elementor-animated-content\" href=\"https:\/\/maison-zellige.com\/wp-content\/uploads\/2020\/10\/CARREAUX_DE_CIMENT_02.jpg\" data-elementor-open-lightbox=\"yes\" data-elementor-lightbox-slideshow=\"d9142ff\" data-elementor-lightbox-title=\"CARREAUX_DE_CIMENT_02\" data-e-action-hash=\"#elementor-action%3Aaction%3Dlightbox%26settings%3DeyJpZCI6MzQzLCJ1cmwiOiJodHRwczpcL1wvbWFpc29uLXplbGxpZ2UuY29tXC93cC1jb250ZW50XC91cGxvYWRzXC8yMDIwXC8xMFwvQ0FSUkVBVVhfREVfQ0lNRU5UXzAyLmpwZyIsInNsaWRlc2hvdyI6ImQ5MTQyZmYifQ%3D%3D\">\n\t\t\t\t\t<div class=\"e-gallery-image elementor-gallery-item__image\" data-thumbnail=\"https:\/\/maison-zellige.com\/wp-content\/uploads\/2020\/10\/CARREAUX_DE_CIMENT_02.jpg\" data-width=\"400\" data-height=\"400\" aria-label=\"\" role=\"img\" ><\/div>\n\t\t\t\t\t\t\t\t\t\t\t<div class=\"elementor-gallery-item__overlay\"><\/div>\n\t\t\t\t\t\t\t\t\t\t\t\t\t\t<\/a>\n\t\t\t\t\t\t\t<a class=\"e-gallery-item elementor-gallery-item elementor-animated-content\" href=\"https:\/\/maison-zellige.com\/wp-content\/uploads\/2020\/10\/CARREAUX_DE_CIMENT_03.jpg\" data-elementor-open-lightbox=\"yes\" data-elementor-lightbox-slideshow=\"d9142ff\" data-elementor-lightbox-title=\"CARREAUX_DE_CIMENT_03\" data-e-action-hash=\"#elementor-action%3Aaction%3Dlightbox%26settings%3DeyJpZCI6MzQ0LCJ1cmwiOiJodHRwczpcL1wvbWFpc29uLXplbGxpZ2UuY29tXC93cC1jb250ZW50XC91cGxvYWRzXC8yMDIwXC8xMFwvQ0FSUkVBVVhfREVfQ0lNRU5UXzAzLmpwZyIsInNsaWRlc2hvdyI6ImQ5MTQyZmYifQ%3D%3D\">\n\t\t\t\t\t<div class=\"e-gallery-image elementor-gallery-item__image\" data-thumbnail=\"https:\/\/maison-zellige.com\/wp-content\/uploads\/2020\/10\/CARREAUX_DE_CIMENT_03.jpg\" data-width=\"400\" data-height=\"400\" aria-label=\"\" role=\"img\" ><\/div>\n\t\t\t\t\t\t\t\t\t\t\t<div class=\"elementor-gallery-item__overlay\"><\/div>\n\t\t\t\t\t\t\t\t\t\t\t\t\t\t<\/a>\n\t\t\t\t\t\t\t<a class=\"e-gallery-item elementor-gallery-item elementor-animated-content\" href=\"https:\/\/maison-zellige.com\/wp-content\/uploads\/2020\/10\/carreaux-de-ciment-6.jpg\" data-elementor-open-lightbox=\"yes\" data-elementor-lightbox-slideshow=\"d9142ff\" data-elementor-lightbox-title=\"carreaux-de-ciment-6\" data-e-action-hash=\"#elementor-action%3Aaction%3Dlightbox%26settings%3DeyJpZCI6MTc4NiwidXJsIjoiaHR0cHM6XC9cL21haXNvbi16ZWxsaWdlLmNvbVwvd3AtY29udGVudFwvdXBsb2Fkc1wvMjAyMFwvMTBcL2NhcnJlYXV4LWRlLWNpbWVudC02LmpwZyIsInNsaWRlc2hvdyI6ImQ5MTQyZmYifQ%3D%3D\">\n\t\t\t\t\t<div class=\"e-gallery-image elementor-gallery-item__image\" data-thumbnail=\"https:\/\/maison-zellige.com\/wp-content\/uploads\/2020\/10\/carreaux-de-ciment-6.jpg\" data-width=\"1080\" data-height=\"1080\" aria-label=\"\" role=\"img\" ><\/div>\n\t\t\t\t\t\t\t\t\t\t\t<div class=\"elementor-gallery-item__overlay\"><\/div>\n\t\t\t\t\t\t\t\t\t\t\t\t\t\t<\/a>\n\t\t\t\t\t\t\t<a class=\"e-gallery-item elementor-gallery-item elementor-animated-content\" href=\"https:\/\/maison-zellige.com\/wp-content\/uploads\/2020\/10\/CARREAUX_DE_CIMENT_05.jpg\" data-elementor-open-lightbox=\"yes\" data-elementor-lightbox-slideshow=\"d9142ff\" data-elementor-lightbox-title=\"CARREAUX_DE_CIMENT_05\" data-e-action-hash=\"#elementor-action%3Aaction%3Dlightbox%26settings%3DeyJpZCI6MzQ2LCJ1cmwiOiJodHRwczpcL1wvbWFpc29uLXplbGxpZ2UuY29tXC93cC1jb250ZW50XC91cGxvYWRzXC8yMDIwXC8xMFwvQ0FSUkVBVVhfREVfQ0lNRU5UXzA1LmpwZyIsInNsaWRlc2hvdyI6ImQ5MTQyZmYifQ%3D%3D\">\n\t\t\t\t\t<div class=\"e-gallery-image elementor-gallery-item__image\" data-thumbnail=\"https:\/\/maison-zellige.com\/wp-content\/uploads\/2020\/10\/CARREAUX_DE_CIMENT_05.jpg\" data-width=\"400\" data-height=\"400\" aria-label=\"\" role=\"img\" ><\/div>\n\t\t\t\t\t\t\t\t\t\t\t<div class=\"elementor-gallery-item__overlay\"><\/div>\n\t\t\t\t\t\t\t\t\t\t\t\t\t\t<\/a>\n\t\t\t\t\t\t\t<a class=\"e-gallery-item elementor-gallery-item elementor-animated-content\" href=\"https:\/\/maison-zellige.com\/wp-content\/uploads\/2020\/10\/carreaux-de-ciment-4.jpg\" data-elementor-open-lightbox=\"yes\" data-elementor-lightbox-slideshow=\"d9142ff\" data-elementor-lightbox-title=\"carreaux-de-ciment-4\" data-e-action-hash=\"#elementor-action%3Aaction%3Dlightbox%26settings%3DeyJpZCI6MTc4NywidXJsIjoiaHR0cHM6XC9cL21haXNvbi16ZWxsaWdlLmNvbVwvd3AtY29udGVudFwvdXBsb2Fkc1wvMjAyMFwvMTBcL2NhcnJlYXV4LWRlLWNpbWVudC00LmpwZyIsInNsaWRlc2hvdyI6ImQ5MTQyZmYifQ%3D%3D\">\n\t\t\t\t\t<div class=\"e-gallery-image elementor-gallery-item__image\" data-thumbnail=\"https:\/\/maison-zellige.com\/wp-content\/uploads\/2020\/10\/carreaux-de-ciment-4.jpg\" data-width=\"1080\" data-height=\"1080\" aria-label=\"\" role=\"img\" ><\/div>\n\t\t\t\t\t\t\t\t\t\t\t<div class=\"elementor-gallery-item__overlay\"><\/div>\n\t\t\t\t\t\t\t\t\t\t\t\t\t\t<\/a>\n\t\t\t\t\t\t\t<a class=\"e-gallery-item elementor-gallery-item elementor-animated-content\" href=\"https:\/\/maison-zellige.com\/wp-content\/uploads\/2020\/10\/car-cim-5.jpg\" data-elementor-open-lightbox=\"yes\" data-elementor-lightbox-slideshow=\"d9142ff\" data-elementor-lightbox-title=\"car-cim-5\" data-e-action-hash=\"#elementor-action%3Aaction%3Dlightbox%26settings%3DeyJpZCI6MTY5NSwidXJsIjoiaHR0cHM6XC9cL21haXNvbi16ZWxsaWdlLmNvbVwvd3AtY29udGVudFwvdXBsb2Fkc1wvMjAyMFwvMTBcL2Nhci1jaW0tNS5qcGciLCJzbGlkZXNob3ciOiJkOTE0MmZmIn0%3D\">\n\t\t\t\t\t<div class=\"e-gallery-image elementor-gallery-item__image\" data-thumbnail=\"https:\/\/maison-zellige.com\/wp-content\/uploads\/2020\/10\/car-cim-5.jpg\" data-width=\"631\" data-height=\"631\" aria-label=\"\" role=\"img\" ><\/div>\n\t\t\t\t\t\t\t\t\t\t\t<div class=\"elementor-gallery-item__overlay\"><\/div>\n\t\t\t\t\t\t\t\t\t\t\t\t\t\t<\/a>\n\t\t\t\t\t\t\t<a class=\"e-gallery-item elementor-gallery-item elementor-animated-content\" href=\"https:\/\/maison-zellige.com\/wp-content\/uploads\/2020\/10\/car-cim-1.jpg\" data-elementor-open-lightbox=\"yes\" data-elementor-lightbox-slideshow=\"d9142ff\" data-elementor-lightbox-title=\"car-cim-1\" data-e-action-hash=\"#elementor-action%3Aaction%3Dlightbox%26settings%3DeyJpZCI6MTY5NiwidXJsIjoiaHR0cHM6XC9cL21haXNvbi16ZWxsaWdlLmNvbVwvd3AtY29udGVudFwvdXBsb2Fkc1wvMjAyMFwvMTBcL2Nhci1jaW0tMS5qcGciLCJzbGlkZXNob3ciOiJkOTE0MmZmIn0%3D\">\n\t\t\t\t\t<div class=\"e-gallery-image elementor-gallery-item__image\" data-thumbnail=\"https:\/\/maison-zellige.com\/wp-content\/uploads\/2020\/10\/car-cim-1.jpg\" data-width=\"900\" data-height=\"434\" aria-label=\"\" role=\"img\" ><\/div>\n\t\t\t\t\t\t\t\t\t\t\t<div class=\"elementor-gallery-item__overlay\"><\/div>\n\t\t\t\t\t\t\t\t\t\t\t\t\t\t<\/a>\n\t\t\t\t\t\t\t<a class=\"e-gallery-item elementor-gallery-item elementor-animated-content\" href=\"https:\/\/maison-zellige.com\/wp-content\/uploads\/2020\/10\/car-cim-2.jpg\" data-elementor-open-lightbox=\"yes\" data-elementor-lightbox-slideshow=\"d9142ff\" data-elementor-lightbox-title=\"car-cim-2\" data-e-action-hash=\"#elementor-action%3Aaction%3Dlightbox%26settings%3DeyJpZCI6MTY5NywidXJsIjoiaHR0cHM6XC9cL21haXNvbi16ZWxsaWdlLmNvbVwvd3AtY29udGVudFwvdXBsb2Fkc1wvMjAyMFwvMTBcL2Nhci1jaW0tMi5qcGciLCJzbGlkZXNob3ciOiJkOTE0MmZmIn0%3D\">\n\t\t\t\t\t<div class=\"e-gallery-image elementor-gallery-item__image\" data-thumbnail=\"https:\/\/maison-zellige.com\/wp-content\/uploads\/2020\/10\/car-cim-2.jpg\" data-width=\"617\" data-height=\"647\" aria-label=\"\" role=\"img\" ><\/div>\n\t\t\t\t\t\t\t\t\t\t\t<div class=\"elementor-gallery-item__overlay\"><\/div>\n\t\t\t\t\t\t\t\t\t\t\t\t\t\t<\/a>\n\t\t\t\t\t\t\t<a class=\"e-gallery-item elementor-gallery-item elementor-animated-content\" href=\"https:\/\/maison-zellige.com\/wp-content\/uploads\/2020\/10\/car-cim-3.jpg\" data-elementor-open-lightbox=\"yes\" data-elementor-lightbox-slideshow=\"d9142ff\" data-elementor-lightbox-title=\"car-cim-3\" data-e-action-hash=\"#elementor-action%3Aaction%3Dlightbox%26settings%3DeyJpZCI6MTY5OCwidXJsIjoiaHR0cHM6XC9cL21haXNvbi16ZWxsaWdlLmNvbVwvd3AtY29udGVudFwvdXBsb2Fkc1wvMjAyMFwvMTBcL2Nhci1jaW0tMy5qcGciLCJzbGlkZXNob3ciOiJkOTE0MmZmIn0%3D\">\n\t\t\t\t\t<div class=\"e-gallery-image elementor-gallery-item__image\" data-thumbnail=\"https:\/\/maison-zellige.com\/wp-content\/uploads\/2020\/10\/car-cim-3.jpg\" data-width=\"500\" data-height=\"500\" aria-label=\"\" role=\"img\" ><\/div>\n\t\t\t\t\t\t\t\t\t\t\t<div class=\"elementor-gallery-item__overlay\"><\/div>\n\t\t\t\t\t\t\t\t\t\t\t\t\t\t<\/a>\n\t\t\t\t\t\t\t<a class=\"e-gallery-item elementor-gallery-item elementor-animated-content\" href=\"https:\/\/maison-zellige.com\/wp-content\/uploads\/2020\/10\/car-cim-4.jpg\" data-elementor-open-lightbox=\"yes\" data-elementor-lightbox-slideshow=\"d9142ff\" data-elementor-lightbox-title=\"car-cim-4\" data-e-action-hash=\"#elementor-action%3Aaction%3Dlightbox%26settings%3DeyJpZCI6MTY5OSwidXJsIjoiaHR0cHM6XC9cL21haXNvbi16ZWxsaWdlLmNvbVwvd3AtY29udGVudFwvdXBsb2Fkc1wvMjAyMFwvMTBcL2Nhci1jaW0tNC5qcGciLCJzbGlkZXNob3ciOiJkOTE0MmZmIn0%3D\">\n\t\t\t\t\t<div class=\"e-gallery-image elementor-gallery-item__image\" data-thumbnail=\"https:\/\/maison-zellige.com\/wp-content\/uploads\/2020\/10\/car-cim-4.jpg\" data-width=\"760\" data-height=\"770\" aria-label=\"\" role=\"img\" ><\/div>\n\t\t\t\t\t\t\t\t\t\t\t<div class=\"elementor-gallery-item__overlay\"><\/div>\n\t\t\t\t\t\t\t\t\t\t\t\t\t\t<\/a>\n\t\t\t\t\t<\/div>\n\t\t\t\t\t<\/div>\n\t\t\t\t<\/div>\n\t\t\t\t\t<\/div>\n\t\t<\/div>\n\t\t\t\t\t<\/div>\n\t\t<\/section>\n\t\t\t\t<section class=\"elementor-section elementor-top-section elementor-element elementor-element-929e06e elementor-section-boxed elementor-section-height-default elementor-section-height-default\" data-id=\"929e06e\" data-element_type=\"section\">\n\t\t\t\t\t\t<div class=\"elementor-container elementor-column-gap-default\">\n\t\t\t\t\t<div class=\"elementor-column elementor-col-100 elementor-top-column elementor-element elementor-element-8d1bb54\" data-id=\"8d1bb54\" data-element_type=\"column\">\n\t\t\t<div class=\"elementor-widget-wrap elementor-element-populated\">\n\t\t\t\t\t\t<div class=\"elementor-element elementor-element-2f88466 elementor-product-loop-item--align-center elementor-grid-4 elementor-grid-tablet-3 elementor-grid-mobile-2 elementor-products-grid elementor-wc-products elementor-widget elementor-widget-woocommerce-products\" data-id=\"2f88466\" data-element_type=\"widget\" data-widget_type=\"woocommerce-products.default\">\n\t\t\t\t<div class=\"elementor-widget-container\">\n\t\t\t\t\t<div class=\"woocommerce columns-4\"><ul class=\"products elementor-grid columns-4\">\n<li class=\"product type-product post-4384 status-publish first instock product_cat-carreaux-de-ciment has-post-thumbnail taxable shipping-taxable purchasable product-type-simple\">\n\t<\/li>\n<li class=\"product type-product post-2306 status-publish instock product_cat-carreaux-de-ciment has-post-thumbnail taxable shipping-taxable purchasable product-type-simple\">\n\t<\/li>\n<li class=\"product type-product post-2305 status-publish instock product_cat-carreaux-de-ciment has-post-thumbnail taxable shipping-taxable purchasable product-type-simple\">\n\t<\/li>\n<\/ul>\n<\/div>\t\t\t\t<\/div>\n\t\t\t\t<\/div>\n\t\t\t\t\t<\/div>\n\t\t<\/div>\n\t\t\t\t\t<\/div>\n\t\t<\/section>\n\t\t\t\t<\/div>","protected":false},"excerpt":{"rendered":"<p>carreaux de ciment\/ Granito Nos ma\u00eetres artisans\u00a0Marocains\u00a0et Fran\u00e7ais ont le plaisir de vous proposer\u00a0une gamme de produits faits \u00e0 la main qui rallient l\u2019esth\u00e9tisme \u00e0 la r\u00e9sistance et la durabilit\u00e9.<\/p>","protected":false},"author":1,"featured_media":0,"parent":0,"menu_order":0,"comment_status":"closed","ping_status":"closed","template":"","meta":{"_monsterinsights_skip_tracking":false,"_monsterinsights_sitenote_active":false,"_monsterinsights_sitenote_note":"","_monsterinsights_sitenote_category":0,"footnotes":""},"_links":{"self":[{"href":"https:\/\/maison-zellige.com\/en\/wp-json\/wp\/v2\/pages\/338"}],"collection":[{"href":"https:\/\/maison-zellige.com\/en\/wp-json\/wp\/v2\/pages"}],"about":[{"href":"https:\/\/maison-zellige.com\/en\/wp-json\/wp\/v2\/types\/page"}],"author":[{"embeddable":true,"href":"https:\/\/maison-zellige.com\/en\/wp-json\/wp\/v2\/users\/1"}],"replies":[{"embeddable":true,"href":"https:\/\/maison-zellige.com\/en\/wp-json\/wp\/v2\/comments?post=338"}],"version-history":[{"count":0,"href":"https:\/\/maison-zellige.com\/en\/wp-json\/wp\/v2\/pages\/338\/revisions"}],"wp:attachment":[{"href":"https:\/\/maison-zellige.com\/en\/wp-json\/wp\/v2\/media?parent=338"}],"curies":[{"name":"wp","href":"https:\/\/api.w.org\/{rel}","templated":true}]}}