{"id":32,"date":"2020-10-06T12:07:49","date_gmt":"2020-10-06T10:07:49","guid":{"rendered":"https:\/\/maison-zellige.com\/?page_id=32"},"modified":"2020-11-24T10:40:24","modified_gmt":"2020-11-24T09:40:24","slug":"mentions-legales","status":"publish","type":"page","link":"https:\/\/maison-zellige.com\/en\/mentions-legales\/","title":{"rendered":"Legal notice"},"content":{"rendered":"<div data-elementor-type=\"wp-page\" data-elementor-id=\"32\" class=\"elementor elementor-32\" data-elementor-post-type=\"page\">\n\t\t\t\t\t\t<section class=\"elementor-section elementor-top-section elementor-element elementor-element-4354d35 elementor-section-boxed elementor-section-height-default elementor-section-height-default\" data-id=\"4354d35\" data-element_type=\"section\">\n\t\t\t\t\t\t<div class=\"elementor-container elementor-column-gap-default\">\n\t\t\t\t\t<div class=\"elementor-column elementor-col-100 elementor-top-column elementor-element elementor-element-0bdca57\" data-id=\"0bdca57\" data-element_type=\"column\">\n\t\t\t<div class=\"elementor-widget-wrap elementor-element-populated\">\n\t\t\t\t\t\t<div class=\"elementor-element elementor-element-7004c07 elementor-widget elementor-widget-heading\" data-id=\"7004c07\" data-element_type=\"widget\" data-widget_type=\"heading.default\">\n\t\t\t\t<div class=\"elementor-widget-container\">\n\t\t\t\t\t<h1 class=\"elementor-heading-title elementor-size-default\">Legal notice <\/h1>\t\t\t\t<\/div>\n\t\t\t\t<\/div>\n\t\t\t\t\t<\/div>\n\t\t<\/div>\n\t\t\t\t\t<\/div>\n\t\t<\/section>\n\t\t\t\t<section class=\"elementor-section elementor-top-section elementor-element elementor-element-865fe5b elementor-section-boxed elementor-section-height-default elementor-section-height-default\" data-id=\"865fe5b\" data-element_type=\"section\">\n\t\t\t\t\t\t<div class=\"elementor-container elementor-column-gap-default\">\n\t\t\t\t\t<div class=\"elementor-column elementor-col-100 elementor-top-column elementor-element elementor-element-4305e9d\" data-id=\"4305e9d\" data-element_type=\"column\">\n\t\t\t<div class=\"elementor-widget-wrap elementor-element-populated\">\n\t\t\t\t\t\t<div class=\"elementor-element elementor-element-1c2f77b elementor-widget elementor-widget-text-editor\" data-id=\"1c2f77b\" data-element_type=\"widget\" data-widget_type=\"text-editor.default\">\n\t\t\t\t<div class=\"elementor-widget-container\">\n\t\t\t\t\t\t\t\t\t<p>Ce site est la propri\u00e9t\u00e9 de la soci\u00e9t\u00e9\u00a0<strong>MARBRE ET ZELLIGE<\/strong>, SARL unipersonnelle au capital de 7 000\u20ac, RCS Cr\u00e9teil, dont les coordonn\u00e9es sont :<\/p><p>Adresse du si\u00e8ge social\u00a0: 14 B RUE PIERRE ET MARIE CURIE \u00e0 IVRY-SUR-SEINE<\/p><p>T\u00e9l\u00e9phone\u00a0: 06 65 23 98 81 \/ 06 41 86 32 90<\/p><p>Courrier \u00e9lectronique\u00a0: <a href=\"mailto:contact@maison-zellige.com\">contact@maison-zellige.com<\/a> <u>\u00a0<\/u><\/p><p>N\u00b0 de TVA intracommunautaire\u00a0: FR03829540020<\/p><p>Le Directeur de la publication du site est <strong>Kenza Ait Brahim<\/strong>, en sa qualit\u00e9 de g\u00e9rant.<\/p><p>Le prestataire assurant l&rsquo;h\u00e9bergement du site ainsi que le stockage des informations est la soci\u00e9t\u00e9 OVH (<a href=\"http:\/\/www.ovh.com\">www.ovh.com<\/a>). La cr\u00e9ation graphique du site a \u00e9t\u00e9 r\u00e9alis\u00e9e par la soci\u00e9t\u00e9 AJOO (<a href=\"https:\/\/www.ajoo.fr\/\">https:\/\/www.ajoo.fr\/<\/a> ).<\/p>\t\t\t\t\t\t\t\t<\/div>\n\t\t\t\t<\/div>\n\t\t\t\t<div class=\"elementor-element elementor-element-cbc77f2 elementor-widget elementor-widget-heading\" data-id=\"cbc77f2\" data-element_type=\"widget\" data-widget_type=\"heading.default\">\n\t\t\t\t<div class=\"elementor-widget-container\">\n\t\t\t\t\t<h2 class=\"elementor-heading-title elementor-size-default\">LE CONTENU DU SITE<\/h2>\t\t\t\t<\/div>\n\t\t\t\t<\/div>\n\t\t\t\t<div class=\"elementor-element elementor-element-c62fbe8 elementor-widget elementor-widget-text-editor\" data-id=\"c62fbe8\" data-element_type=\"widget\" data-widget_type=\"text-editor.default\">\n\t\t\t\t<div class=\"elementor-widget-container\">\n\t\t\t\t\t\t\t\t\t<p>La soci\u00e9t\u00e9 MARBRE ET ZELLIGE&nbsp;garantit les caract\u00e9ristiques essentielles des produits. La soci\u00e9t\u00e9 MARBRE ET ZELLIGES ne peut \u00eatre tenue responsable de l\u2019utilisation et de l\u2019interpr\u00e9tation de l\u2019information contenue dans ce site.&nbsp;<\/p>\n<p>La soci\u00e9t\u00e9 MARBRE ET ZELLIGE&nbsp;ne peut \u00eatre tenue pour responsable d&rsquo;\u00e9ventuels virus qui pourraient infecter l&rsquo;ordinateur ou tout mat\u00e9riel informatique de l&rsquo;Internaute, suite \u00e0 une utilisation, \u00e0 l&rsquo;acc\u00e8s, ou au t\u00e9l\u00e9chargement provenant de ce site.<\/p>\n<p>La soci\u00e9t\u00e9 MARBRE ET ZELLIGE&nbsp;se r\u00e9serve le droit de modifier le contenu de ses offres commerciales \u00e0 tout moment, \u00e9tant entendu que toute commande effectu\u00e9e avant la modification de l\u2019offre sera honor\u00e9e.<\/p>\n<p><strong>DROITS D&rsquo;AUTEURS ET PROPRI\u00c9T\u00c9 INTELLECTUELLE<\/strong><\/p>\n<p>Ce site est la propri\u00e9t\u00e9 de <strong>Kenza Ait Brahim<\/strong> qui est titulaire de tous les droits de propri\u00e9t\u00e9 intellectuelle. Ce site constitue une \u0153uvre prot\u00e9g\u00e9e au titre de la propri\u00e9t\u00e9 intellectuelle, au m\u00eame titre que la structure g\u00e9n\u00e9rale du site, le graphisme ainsi que les \u00e9l\u00e9ments accessibles sur le site (formulaires, textes, photographies, images&#8230;).<\/p>\n<p>Sauf autorisation \u00e9crite pr\u00e9alable de <strong>Kenza Ait Brahim<\/strong> le site et les informations qui y figurent ne peuvent \u00eatre copi\u00e9s, reproduits, modifi\u00e9s, transmis, publi\u00e9s sur quelques supports que ce soit, ni exploit\u00e9s en tout ou partie \u00e0 des fins commerciales ou non commerciales, ni servir \u00e0 la r\u00e9alisation d&rsquo;\u0153uvres d\u00e9riv\u00e9es.<\/p>\n<p>Le non-respect de ces r\u00e8gles peut engager la responsabilit\u00e9 de l&rsquo;Internaute au sens des articles L. 713-2 et L.713-3 du Code de la Propri\u00e9t\u00e9 Intellectuelle.<\/p>\n<p>Cr\u00e9dit photo : <a href=\"http:\/\/www.shutterstock.com\">www.shutterstock.com<\/a><\/p>\t\t\t\t\t\t\t\t<\/div>\n\t\t\t\t<\/div>\n\t\t\t\t<div class=\"elementor-element elementor-element-167488a elementor-widget elementor-widget-heading\" data-id=\"167488a\" data-element_type=\"widget\" data-widget_type=\"heading.default\">\n\t\t\t\t<div class=\"elementor-widget-container\">\n\t\t\t\t\t<h3 class=\"elementor-heading-title elementor-size-default\">POLITIQUE DE CONFIDENTIALIT\u00c9 DES DONN\u00c9ES PERSONNELLES<\/h3>\t\t\t\t<\/div>\n\t\t\t\t<\/div>\n\t\t\t\t<div class=\"elementor-element elementor-element-32fec60 elementor-widget elementor-widget-text-editor\" data-id=\"32fec60\" data-element_type=\"widget\" data-widget_type=\"text-editor.default\">\n\t\t\t\t<div class=\"elementor-widget-container\">\n\t\t\t\t\t\t\t\t\t<p>Notre entreprise met en \u0153uvre des traitements de donn\u00e9es \u00e0 caract\u00e8re personnel.<\/p><p>En utilisant notre site, vous consentez \u00e0 notre politique de confidentialit\u00e9.<\/p><p>Nous recueillons des informations vous concernant lorsque vous vous inscrivez sur notre site, lorsque vous vous connectez \u00e0 votre compte, faites un achat\u2026.<\/p><p>Nous nous engageons \u00e0 ne collecter que les donn\u00e9es strictement n\u00e9cessaires.<\/p><p>Le traitement de ces donn\u00e9es nous permet d\u2019assurer la gestion de notre relation commerciale, de personnaliser votre exp\u00e9rience et r\u00e9pondre \u00e0 vos besoins individuels, vous fournir des informations personnalis\u00e9es, am\u00e9liorer le service client et vos besoins de prise en charge, et vous contacter par e-mail.<\/p><p>La dur\u00e9e de conservation des donn\u00e9es personnelles d\u00e9pend du service souscrit. Nous nous engageons \u00e0 ne pas conserver vos donn\u00e9es personnelles au-del\u00e0 de la dur\u00e9e n\u00e9cessaire \u00e0 la fourniture du service, augment\u00e9e de la dur\u00e9e de conservation impos\u00e9e par les r\u00e8gles applicables en mati\u00e8re de prescription l\u00e9gale.<\/p><p>Nous sommes les seuls utilisateurs des informations recueillies sur ce site. Vos informations personnelles ne seront pas vendues, \u00e9chang\u00e9es, transf\u00e9r\u00e9es, ou donn\u00e9es \u00e0 une autre soci\u00e9t\u00e9 sans votre consentement, en dehors de ce qui est n\u00e9cessaire pour r\u00e9pondre \u00e0 une demande et\/ou une transaction (par exemple pour l\u2019exp\u00e9dition d\u2019une commande).<\/p><p>Nous mettons en \u0153uvre des mesures de s\u00e9curit\u00e9 pour pr\u00e9server la s\u00e9curit\u00e9 de vos informations personnelles. Nous prot\u00e9geons \u00e9galement vos informations hors ligne. Seuls les services ayant besoin d\u2019effectuer un travail sp\u00e9cifique (par exemple, la facturation ou le service client) ont acc\u00e8s aux informations personnelles identifiables. Les ordinateurs et serveurs utilis\u00e9s pour stocker des informations personnelles identifiables sont conserv\u00e9s dans un environnement s\u00e9curis\u00e9.<\/p><p>Nous utilisons des cookies, destin\u00e9s \u00e0 am\u00e9liorer l\u2019acc\u00e8s \u00e0 notre site et identifient les visiteurs r\u00e9guliers. En outre, nos cookies am\u00e9liorent l\u2019exp\u00e9rience d\u2019utilisateur gr\u00e2ce au suivi et au ciblage de ses int\u00e9r\u00eats. Cependant, cette utilisation des cookies n\u2019est en aucune fa\u00e7on li\u00e9e \u00e0 des informations personnelles identifiables sur notre site.<\/p><p>Sachez que vous disposez d\u2019un droit d\u2019acc\u00e8s, de rectification, d\u2019effacement, d\u2019opposition, de limitation du traitement de vos donn\u00e9es \u00e0 caract\u00e8re personnel.<\/p><p>Vous pouvez exercer ces droits par toute demande \u00e9crite et sign\u00e9e pr\u00e9cisant l\u2019adresse \u00e0 laquelle doit parvenir la r\u00e9ponse et accompagn\u00e9e d\u2019une copie de votre pi\u00e8ce d\u2019identit\u00e9, le tout adress\u00e9 \u00e0 : <a href=\"mailto:contact@maison-zellige.com\">contact@maison-zellige.com<\/a><\/p><p>Vous pouvez \u00e9galement \u00e0 tout moment vous d\u00e9sinscrire afin de ne plus recevoir d\u2019e-mails.<\/p>\t\t\t\t\t\t\t\t<\/div>\n\t\t\t\t<\/div>\n\t\t\t\t<div class=\"elementor-element elementor-element-fef1d7f elementor-widget elementor-widget-heading\" data-id=\"fef1d7f\" data-element_type=\"widget\" data-widget_type=\"heading.default\">\n\t\t\t\t<div class=\"elementor-widget-container\">\n\t\t\t\t\t<h3 class=\"elementor-heading-title elementor-size-default\">LIENS HYPERTEXTES VERS DES SITES TIERS<\/h3>\t\t\t\t<\/div>\n\t\t\t\t<\/div>\n\t\t\t\t<div class=\"elementor-element elementor-element-88047f8 elementor-widget elementor-widget-text-editor\" data-id=\"88047f8\" data-element_type=\"widget\" data-widget_type=\"text-editor.default\">\n\t\t\t\t<div class=\"elementor-widget-container\">\n\t\t\t\t\t\t\t\t\t<p>Ce site propose des liens hypertextes pointant vers des sites Internet \u00e9dit\u00e9s par des tiers. Ces liens sont \u00e9tablis de bonne foi et la soci\u00e9t\u00e9 MARBRE ET ZELLIGE\u00a0 ne peut \u00eatre tenue pour responsable de modifications intervenues sur ces sites. Par cons\u00e9quent, ces liens hypertextes ne sauraient, en aucun cas, engager la responsabilit\u00e9 de la soci\u00e9t\u00e9 MARBRE ET ZELLIGE : seule la responsabilit\u00e9 des \u00e9diteurs des sites r\u00e9f\u00e9renc\u00e9s sur le site de la soci\u00e9t\u00e9 MARBRE ET ZELLIGE\u00a0pourra \u00eatre engag\u00e9e.<\/p>\t\t\t\t\t\t\t\t<\/div>\n\t\t\t\t<\/div>\n\t\t\t\t<div class=\"elementor-element elementor-element-b6120de elementor-widget elementor-widget-heading\" data-id=\"b6120de\" data-element_type=\"widget\" data-widget_type=\"heading.default\">\n\t\t\t\t<div class=\"elementor-widget-container\">\n\t\t\t\t\t<h3 class=\"elementor-heading-title elementor-size-default\">DROIT APPLICABLE<\/h3>\t\t\t\t<\/div>\n\t\t\t\t<\/div>\n\t\t\t\t<div class=\"elementor-element elementor-element-5fb3f2d elementor-widget elementor-widget-text-editor\" data-id=\"5fb3f2d\" data-element_type=\"widget\" data-widget_type=\"text-editor.default\">\n\t\t\t\t<div class=\"elementor-widget-container\">\n\t\t\t\t\t\t\t\t\t<p>Ce site ainsi que les pr\u00e9sentes mentions l\u00e9gales sont soumis au droit fran\u00e7ais.<\/p>\t\t\t\t\t\t\t\t<\/div>\n\t\t\t\t<\/div>\n\t\t\t\t\t<\/div>\n\t\t<\/div>\n\t\t\t\t\t<\/div>\n\t\t<\/section>\n\t\t\t\t<\/div>","protected":false},"excerpt":{"rendered":"<p>Mentions l\u00e9gales Ce site est la propri\u00e9t\u00e9 de la soci\u00e9t\u00e9\u00a0MARBRE ET ZELLIGE, SARL unipersonnelle au capital de 7 000\u20ac, RCS Cr\u00e9teil, dont les coordonn\u00e9es sont : Adresse du si\u00e8ge social\u00a0: 14 B RUE PIERRE ET MARIE CURIE \u00e0 IVRY-SUR-SEINE T\u00e9l\u00e9phone\u00a0: 06 65 23 98 81 \/ 06 41 86 32 90 Courrier \u00e9lectronique\u00a0: contact@maison-zellige.com \u00a0 [&hellip;]<\/p>\n","protected":false},"author":1,"featured_media":0,"parent":0,"menu_order":0,"comment_status":"closed","ping_status":"closed","template":"","meta":{"_monsterinsights_skip_tracking":false,"_monsterinsights_sitenote_active":false,"_monsterinsights_sitenote_note":"","_monsterinsights_sitenote_category":0,"footnotes":""},"_links":{"self":[{"href":"https:\/\/maison-zellige.com\/en\/wp-json\/wp\/v2\/pages\/32"}],"collection":[{"href":"https:\/\/maison-zellige.com\/en\/wp-json\/wp\/v2\/pages"}],"about":[{"href":"https:\/\/maison-zellige.com\/en\/wp-json\/wp\/v2\/types\/page"}],"author":[{"embeddable":true,"href":"https:\/\/maison-zellige.com\/en\/wp-json\/wp\/v2\/users\/1"}],"replies":[{"embeddable":true,"href":"https:\/\/maison-zellige.com\/en\/wp-json\/wp\/v2\/comments?post=32"}],"version-history":[{"count":0,"href":"https:\/\/maison-zellige.com\/en\/wp-json\/wp\/v2\/pages\/32\/revisions"}],"wp:attachment":[{"href":"https:\/\/maison-zellige.com\/en\/wp-json\/wp\/v2\/media?parent=32"}],"curies":[{"name":"wp","href":"https:\/\/api.w.org\/{rel}","templated":true}]}}