{"id":2656,"date":"2021-05-12T13:04:00","date_gmt":"2021-05-12T11:04:00","guid":{"rendered":"https:\/\/maison-zellige.com\/?page_id=2656"},"modified":"2026-03-24T00:06:02","modified_gmt":"2026-03-23T23:06:02","slug":"histoire","status":"publish","type":"page","link":"https:\/\/maison-zellige.com\/en\/histoire\/","title":{"rendered":"HISTORY"},"content":{"rendered":"<div data-elementor-type=\"wp-page\" data-elementor-id=\"2656\" class=\"elementor elementor-2656\" data-elementor-post-type=\"page\">\n\t\t\t\t\t\t<section class=\"elementor-section elementor-top-section elementor-element elementor-element-3ff4697 elementor-section-boxed elementor-section-height-default elementor-section-height-default\" data-id=\"3ff4697\" data-element_type=\"section\">\n\t\t\t\t\t\t<div class=\"elementor-container elementor-column-gap-default\">\n\t\t\t\t\t<div class=\"elementor-column elementor-col-100 elementor-top-column elementor-element elementor-element-d835ff8\" data-id=\"d835ff8\" data-element_type=\"column\">\n\t\t\t<div class=\"elementor-widget-wrap elementor-element-populated\">\n\t\t\t\t\t\t<div class=\"elementor-element elementor-element-c85bc7c elementor-widget__width-initial elementor-widget elementor-widget-text-editor\" data-id=\"c85bc7c\" data-element_type=\"widget\" data-widget_type=\"text-editor.default\">\n\t\t\t\t<div class=\"elementor-widget-container\">\n\t\t\t\t\t\t\t\t\t<p>Maison Zellige\u00a0 est sp\u00e9cialis\u00e9e dans la fabrication de rev\u00eatements de sols, murs, mobiliers et luminaires sur-mesure. Notre \u00e9quipe se constitue des meilleurs Artisans internationaux, \u00ab\u00a0M\u00e2alemas et M\u00e2alems\u00a0\u00bb Ma\u00eetres Artisanes et Ma\u00eetres Artisans experts afin de mieux r\u00e9pondre aux inspirations de notre client\u00e8le de particuliers et professionnels pointilleux \u00e0 la recherche de mat\u00e9riaux artisanaux d&rsquo;exceptions.<\/p><p>Notre authentique zellige aux bords biseaut\u00e9s et nos collections sont dessin\u00e9s dans notre atelier Parisien, puis fabriqu\u00e9s \u00e0 F\u00e8s, ville historique du zellige marocain, dont l&rsquo;argile unique est extraite de ses montagnes, dans le respect des traditions s\u00e9culaires. Prot\u00e9g\u00e9 par le Minist\u00e8re de l&rsquo;Artisanat Marocain, notre zellige porte le label Zellige de F\u00e8s.<\/p><p>Le v\u00e9ritable zellige se distingue par les caract\u00e9ristiques suivantes : sa cuisson dans les fours traditionnels, sa d\u00e9coupe aux champs biseaut\u00e9s, et par son label Zellige de F\u00e8s.<\/p><p>Notre pr\u00e9cieux savoir-faire traditionnel apporte \u00e0 notre zellige un caract\u00e8re artistique\u00a0 aux reliefs luxueux, et tonalit\u00e9s nuanc\u00e9es.<\/p>\t\t\t\t\t\t\t\t<\/div>\n\t\t\t\t<\/div>\n\t\t\t\t<div class=\"elementor-element elementor-element-7c3bae2 elementor-widget elementor-widget-image\" data-id=\"7c3bae2\" data-element_type=\"widget\" data-widget_type=\"image.default\">\n\t\t\t\t<div class=\"elementor-widget-container\">\n\t\t\t\t\t\t\t\t\t\t\t\t\t\t\t<img fetchpriority=\"high\" decoding=\"async\" width=\"1170\" height=\"1082\" src=\"https:\/\/maison-zellige.com\/wp-content\/uploads\/2024\/05\/image_123650291.jpg\" class=\"attachment-full size-full wp-image-5253\" alt=\"\" srcset=\"https:\/\/maison-zellige.com\/wp-content\/uploads\/2024\/05\/image_123650291.jpg 1170w, https:\/\/maison-zellige.com\/wp-content\/uploads\/2024\/05\/image_123650291-300x277.jpg 300w, https:\/\/maison-zellige.com\/wp-content\/uploads\/2024\/05\/image_123650291-1024x947.jpg 1024w, https:\/\/maison-zellige.com\/wp-content\/uploads\/2024\/05\/image_123650291-768x710.jpg 768w, https:\/\/maison-zellige.com\/wp-content\/uploads\/2024\/05\/image_123650291-13x12.jpg 13w, https:\/\/maison-zellige.com\/wp-content\/uploads\/2024\/05\/image_123650291-600x555.jpg 600w\" sizes=\"(max-width: 1170px) 100vw, 1170px\" \/>\t\t\t\t\t\t\t\t\t\t\t\t\t\t\t<\/div>\n\t\t\t\t<\/div>\n\t\t\t\t<div class=\"elementor-element elementor-element-bd053f2 elementor-widget elementor-widget-heading\" data-id=\"bd053f2\" data-element_type=\"widget\" data-widget_type=\"heading.default\">\n\t\t\t\t<div class=\"elementor-widget-container\">\n\t\t\t\t\t<h2 class=\"elementor-heading-title elementor-size-default\">HISTORY<\/h2>\t\t\t\t<\/div>\n\t\t\t\t<\/div>\n\t\t\t\t<div class=\"elementor-element elementor-element-3d4193e elementor-widget elementor-widget-text-editor\" data-id=\"3d4193e\" data-element_type=\"widget\" data-widget_type=\"text-editor.default\">\n\t\t\t\t<div class=\"elementor-widget-container\">\n\t\t\t\t\t\t\t\t\t<p>Issue de plusieurs g\u00e9n\u00e9rations de Ma\u00eetres Artisans au Maroc et d&rsquo;un parcours dans la finance, l&rsquo;artisanat est un h\u00e9ritage que\u00a0 Kenza AARAB a pu d\u00e9velopper \u00e0 l&rsquo;\u00e9chelle internationale.\u00a0<\/p>\t\t\t\t\t\t\t\t<\/div>\n\t\t\t\t<\/div>\n\t\t\t\t<div class=\"elementor-element elementor-element-1b7412a elementor-widget elementor-widget-heading\" data-id=\"1b7412a\" data-element_type=\"widget\" data-widget_type=\"heading.default\">\n\t\t\t\t<div class=\"elementor-widget-container\">\n\t\t\t\t\t<h2 class=\"elementor-heading-title elementor-size-default\">FOUNDER <\/h2>\t\t\t\t<\/div>\n\t\t\t\t<\/div>\n\t\t\t\t<section class=\"elementor-section elementor-inner-section elementor-element elementor-element-a0aaa50 elementor-section-boxed elementor-section-height-default elementor-section-height-default\" data-id=\"a0aaa50\" data-element_type=\"section\">\n\t\t\t\t\t\t<div class=\"elementor-container elementor-column-gap-default\">\n\t\t\t\t\t<div class=\"elementor-column elementor-col-50 elementor-inner-column elementor-element elementor-element-03eb686\" data-id=\"03eb686\" data-element_type=\"column\" data-settings=\"{&quot;background_background&quot;:&quot;gradient&quot;}\">\n\t\t\t<div class=\"elementor-widget-wrap elementor-element-populated\">\n\t\t\t\t\t\t\t<\/div>\n\t\t<\/div>\n\t\t\t\t<div class=\"elementor-column elementor-col-50 elementor-inner-column elementor-element elementor-element-ec896c5\" data-id=\"ec896c5\" data-element_type=\"column\" data-settings=\"{&quot;background_background&quot;:&quot;gradient&quot;}\">\n\t\t\t<div class=\"elementor-widget-wrap elementor-element-populated\">\n\t\t\t\t\t\t<div class=\"elementor-element elementor-element-4ed4fb2 elementor-widget elementor-widget-heading\" data-id=\"4ed4fb2\" data-element_type=\"widget\" data-widget_type=\"heading.default\">\n\t\t\t\t<div class=\"elementor-widget-container\">\n\t\t\t\t\t<h3 class=\"elementor-heading-title elementor-size-default\">AARAB Kenza<\/h3>\t\t\t\t<\/div>\n\t\t\t\t<\/div>\n\t\t\t\t<div class=\"elementor-element elementor-element-482ca51 elementor-widget__width-initial elementor-widget elementor-widget-text-editor\" data-id=\"482ca51\" data-element_type=\"widget\" data-widget_type=\"text-editor.default\">\n\t\t\t\t<div class=\"elementor-widget-container\">\n\t\t\t\t\t\t\t\t\t<p><span style=\"background-color: transparent;\">Maison Zellige est source infinie artistique au service d&rsquo;une architecture pluriculturelle offrant une infinie vari\u00e9t\u00e9 de compositions sous des registres historiques, contemporains et\/ou traditionnels.<\/span><\/p>\n<p>\u00ab\u00a0Oeuvres d&rsquo;art, cr\u00e9ations originales , notre zellige marque l&rsquo;attraction terrestre\u00a0\u00bb<\/p>\n<p><\/p>\t\t\t\t\t\t\t\t<\/div>\n\t\t\t\t<\/div>\n\t\t\t\t\t<\/div>\n\t\t<\/div>\n\t\t\t\t\t<\/div>\n\t\t<\/section>\n\t\t\t\t\t<\/div>\n\t\t<\/div>\n\t\t\t\t\t<\/div>\n\t\t<\/section>\n\t\t\t\t<\/div>","protected":false},"excerpt":{"rendered":"<p>Maison Zellige\u00a0 est sp\u00e9cialis\u00e9e dans la fabrication de rev\u00eatements de sols, murs, mobiliers et luminaires sur-mesure. Notre \u00e9quipe se constitue des meilleurs Artisans internationaux, \u00ab\u00a0M\u00e2alemas et M\u00e2alems\u00a0\u00bb Ma\u00eetres Artisanes et Ma\u00eetres Artisans experts afin de mieux r\u00e9pondre aux inspirations de notre client\u00e8le de particuliers et professionnels pointilleux \u00e0 la recherche de mat\u00e9riaux artisanaux d&rsquo;exceptions. Notre [&hellip;]<\/p>\n","protected":false},"author":1,"featured_media":0,"parent":0,"menu_order":0,"comment_status":"closed","ping_status":"closed","template":"","meta":{"_monsterinsights_skip_tracking":false,"_monsterinsights_sitenote_active":false,"_monsterinsights_sitenote_note":"","_monsterinsights_sitenote_category":0,"footnotes":""},"_links":{"self":[{"href":"https:\/\/maison-zellige.com\/en\/wp-json\/wp\/v2\/pages\/2656"}],"collection":[{"href":"https:\/\/maison-zellige.com\/en\/wp-json\/wp\/v2\/pages"}],"about":[{"href":"https:\/\/maison-zellige.com\/en\/wp-json\/wp\/v2\/types\/page"}],"author":[{"embeddable":true,"href":"https:\/\/maison-zellige.com\/en\/wp-json\/wp\/v2\/users\/1"}],"replies":[{"embeddable":true,"href":"https:\/\/maison-zellige.com\/en\/wp-json\/wp\/v2\/comments?post=2656"}],"version-history":[{"count":0,"href":"https:\/\/maison-zellige.com\/en\/wp-json\/wp\/v2\/pages\/2656\/revisions"}],"wp:attachment":[{"href":"https:\/\/maison-zellige.com\/en\/wp-json\/wp\/v2\/media?parent=2656"}],"curies":[{"name":"wp","href":"https:\/\/api.w.org\/{rel}","templated":true}]}}