{"id":217,"date":"2020-10-07T15:49:25","date_gmt":"2020-10-07T13:49:25","guid":{"rendered":"https:\/\/maison-zellige.com\/?page_id=217"},"modified":"2020-10-07T15:50:36","modified_gmt":"2020-10-07T13:50:36","slug":"laiton-cuivre","status":"publish","type":"page","link":"https:\/\/maison-zellige.com\/en\/laiton-cuivre\/","title":{"rendered":"LAITON &#038; CUIVRE"},"content":{"rendered":"<div data-elementor-type=\"wp-page\" data-elementor-id=\"217\" class=\"elementor elementor-217\" data-elementor-post-type=\"page\">\n\t\t\t\t\t\t<section class=\"elementor-section elementor-top-section elementor-element elementor-element-6f9f80f elementor-section-boxed elementor-section-height-default elementor-section-height-default\" data-id=\"6f9f80f\" data-element_type=\"section\">\n\t\t\t\t\t\t<div class=\"elementor-container elementor-column-gap-default\">\n\t\t\t\t\t<div class=\"elementor-column elementor-col-100 elementor-top-column elementor-element elementor-element-6c8253b\" data-id=\"6c8253b\" data-element_type=\"column\">\n\t\t\t<div class=\"elementor-widget-wrap elementor-element-populated\">\n\t\t\t\t\t\t<div class=\"elementor-element elementor-element-950d652 elementor-widget elementor-widget-heading\" data-id=\"950d652\" data-element_type=\"widget\" data-widget_type=\"heading.default\">\n\t\t\t\t<div class=\"elementor-widget-container\">\n\t\t\t\t\t<h1 class=\"elementor-heading-title elementor-size-default\">LAITON &amp; CUIVRE, DES MATERIAUX EN VOGUE<\/h1>\t\t\t\t<\/div>\n\t\t\t\t<\/div>\n\t\t\t\t\t<\/div>\n\t\t<\/div>\n\t\t\t\t\t<\/div>\n\t\t<\/section>\n\t\t\t\t<section class=\"elementor-section elementor-top-section elementor-element elementor-element-3ae6ecc elementor-section-boxed elementor-section-height-default elementor-section-height-default\" data-id=\"3ae6ecc\" data-element_type=\"section\">\n\t\t\t\t\t\t<div class=\"elementor-container elementor-column-gap-default\">\n\t\t\t\t\t<div class=\"elementor-column elementor-col-100 elementor-top-column elementor-element elementor-element-008ffbe\" data-id=\"008ffbe\" data-element_type=\"column\">\n\t\t\t<div class=\"elementor-widget-wrap elementor-element-populated\">\n\t\t\t\t\t\t<div class=\"elementor-element elementor-element-fc2d3b8 elementor-widget elementor-widget-text-editor\" data-id=\"fc2d3b8\" data-element_type=\"widget\" data-widget_type=\"text-editor.default\">\n\t\t\t\t<div class=\"elementor-widget-container\">\n\t\t\t\t\t\t\t\t\t<p>Nous avons pris un grand plaisir \u00e0 s\u00e9lectionner quelques articles\u00a0tri\u00e9s sur le volet qui feront toute la diff\u00e9rence dans votre salle d\u2019eau, salle de bain, caf\u00e9 ou restaurant.<br \/>Plusieurs mat\u00e9riaux, dimensions et formats sont disponibles ainsi que des mod\u00e8les fabriqu\u00e9s sur-mesure.<\/p>\t\t\t\t\t\t\t\t<\/div>\n\t\t\t\t<\/div>\n\t\t\t\t\t<\/div>\n\t\t<\/div>\n\t\t\t\t\t<\/div>\n\t\t<\/section>\n\t\t\t\t<\/div>","protected":false},"excerpt":{"rendered":"<p>LAITON &#038; CUIVRE, DES MATERIAUX EN VOGUE Nous avons pris un grand plaisir \u00e0 s\u00e9lectionner quelques articles\u00a0tri\u00e9s sur le volet qui feront toute la diff\u00e9rence dans votre salle d\u2019eau, salle de bain, caf\u00e9 ou restaurant.Plusieurs mat\u00e9riaux, dimensions et formats sont disponibles ainsi que des mod\u00e8les fabriqu\u00e9s sur-mesure.<\/p>","protected":false},"author":1,"featured_media":0,"parent":0,"menu_order":0,"comment_status":"closed","ping_status":"closed","template":"","meta":{"_monsterinsights_skip_tracking":false,"_monsterinsights_sitenote_active":false,"_monsterinsights_sitenote_note":"","_monsterinsights_sitenote_category":0,"footnotes":""},"_links":{"self":[{"href":"https:\/\/maison-zellige.com\/en\/wp-json\/wp\/v2\/pages\/217"}],"collection":[{"href":"https:\/\/maison-zellige.com\/en\/wp-json\/wp\/v2\/pages"}],"about":[{"href":"https:\/\/maison-zellige.com\/en\/wp-json\/wp\/v2\/types\/page"}],"author":[{"embeddable":true,"href":"https:\/\/maison-zellige.com\/en\/wp-json\/wp\/v2\/users\/1"}],"replies":[{"embeddable":true,"href":"https:\/\/maison-zellige.com\/en\/wp-json\/wp\/v2\/comments?post=217"}],"version-history":[{"count":0,"href":"https:\/\/maison-zellige.com\/en\/wp-json\/wp\/v2\/pages\/217\/revisions"}],"wp:attachment":[{"href":"https:\/\/maison-zellige.com\/en\/wp-json\/wp\/v2\/media?parent=217"}],"curies":[{"name":"wp","href":"https:\/\/api.w.org\/{rel}","templated":true}]}}