{"id":192,"date":"2020-10-07T15:07:43","date_gmt":"2020-10-07T13:07:43","guid":{"rendered":"https:\/\/maison-zellige.com\/?page_id=192"},"modified":"2020-10-07T15:25:40","modified_gmt":"2020-10-07T13:25:40","slug":"panneaux-en-zellige","status":"publish","type":"page","link":"https:\/\/maison-zellige.com\/en\/panneaux-en-zellige\/","title":{"rendered":"PANNEAUX EN ZELLIGE"},"content":{"rendered":"<div data-elementor-type=\"wp-page\" data-elementor-id=\"192\" class=\"elementor elementor-192\" data-elementor-post-type=\"page\">\n\t\t\t\t\t\t<section class=\"elementor-section elementor-top-section elementor-element elementor-element-98afd8f elementor-section-boxed elementor-section-height-default elementor-section-height-default\" data-id=\"98afd8f\" data-element_type=\"section\">\n\t\t\t\t\t\t<div class=\"elementor-container elementor-column-gap-default\">\n\t\t\t\t\t<div class=\"elementor-column elementor-col-100 elementor-top-column elementor-element elementor-element-13b48cd\" data-id=\"13b48cd\" data-element_type=\"column\">\n\t\t\t<div class=\"elementor-widget-wrap elementor-element-populated\">\n\t\t\t\t\t\t<div class=\"elementor-element elementor-element-e95948c elementor-widget elementor-widget-heading\" data-id=\"e95948c\" data-element_type=\"widget\" data-widget_type=\"heading.default\">\n\t\t\t\t<div class=\"elementor-widget-container\">\n\t\t\t\t\t<h1 class=\"elementor-heading-title elementor-size-default\">NOS PANNEAUX EN ZELLIGE ENTRE H\u00c9RITAGE ET MODERNIT\u00c9<\/h1>\t\t\t\t<\/div>\n\t\t\t\t<\/div>\n\t\t\t\t\t<\/div>\n\t\t<\/div>\n\t\t\t\t\t<\/div>\n\t\t<\/section>\n\t\t\t\t<section class=\"elementor-section elementor-top-section elementor-element elementor-element-b886927 elementor-section-boxed elementor-section-height-default elementor-section-height-default\" data-id=\"b886927\" data-element_type=\"section\">\n\t\t\t\t\t\t<div class=\"elementor-container elementor-column-gap-default\">\n\t\t\t\t\t<div class=\"elementor-column elementor-col-100 elementor-top-column elementor-element elementor-element-2b3e018\" data-id=\"2b3e018\" data-element_type=\"column\">\n\t\t\t<div class=\"elementor-widget-wrap elementor-element-populated\">\n\t\t\t\t\t\t<div class=\"elementor-element elementor-element-90bc680 elementor-widget elementor-widget-text-editor\" data-id=\"90bc680\" data-element_type=\"widget\" data-widget_type=\"text-editor.default\">\n\t\t\t\t<div class=\"elementor-widget-container\">\n\t\t\t\t\t\t\t\t\t<p>Nos ma\u00eetres artisans\u00a0Marocains\u00a0et Fran\u00e7ais ont le plaisir de vous proposer\u00a0une gamme de produits faits \u00e0 la main \u00e0 la fois traditionnels et contemporains pour illuminer l\u2019int\u00e9rieur de tous vos projets.<\/p>\t\t\t\t\t\t\t\t<\/div>\n\t\t\t\t<\/div>\n\t\t\t\t\t<\/div>\n\t\t<\/div>\n\t\t\t\t\t<\/div>\n\t\t<\/section>\n\t\t\t\t<section class=\"elementor-section elementor-top-section elementor-element elementor-element-2a9beeb elementor-section-boxed elementor-section-height-default elementor-section-height-default\" data-id=\"2a9beeb\" data-element_type=\"section\">\n\t\t\t\t\t\t<div class=\"elementor-container elementor-column-gap-default\">\n\t\t\t\t\t<div class=\"elementor-column elementor-col-50 elementor-top-column elementor-element elementor-element-1de9e4b\" data-id=\"1de9e4b\" data-element_type=\"column\">\n\t\t\t<div class=\"elementor-widget-wrap elementor-element-populated\">\n\t\t\t\t\t\t<div class=\"elementor-element elementor-element-01fe746 elementor-widget elementor-widget-image\" data-id=\"01fe746\" data-element_type=\"widget\" data-widget_type=\"image.default\">\n\t\t\t\t<div class=\"elementor-widget-container\">\n\t\t\t\t\t\t\t\t\t\t\t\t\t\t\t<img fetchpriority=\"high\" decoding=\"async\" width=\"600\" height=\"600\" src=\"https:\/\/maison-zellige.com\/wp-content\/uploads\/2020\/10\/panneaux1.jpg\" class=\"elementor-animation-shrink attachment-full size-full wp-image-195\" alt=\"carrelage zellige\" srcset=\"https:\/\/maison-zellige.com\/wp-content\/uploads\/2020\/10\/panneaux1.jpg 600w, https:\/\/maison-zellige.com\/wp-content\/uploads\/2020\/10\/panneaux1-300x300.jpg 300w, https:\/\/maison-zellige.com\/wp-content\/uploads\/2020\/10\/panneaux1-100x100.jpg 100w, https:\/\/maison-zellige.com\/wp-content\/uploads\/2020\/10\/panneaux1-150x150.jpg 150w\" sizes=\"(max-width: 600px) 100vw, 600px\" \/>\t\t\t\t\t\t\t\t\t\t\t\t\t\t\t<\/div>\n\t\t\t\t<\/div>\n\t\t\t\t\t<\/div>\n\t\t<\/div>\n\t\t\t\t<div class=\"elementor-column elementor-col-50 elementor-top-column elementor-element elementor-element-5220f98\" data-id=\"5220f98\" data-element_type=\"column\">\n\t\t\t<div class=\"elementor-widget-wrap elementor-element-populated\">\n\t\t\t\t\t\t<div class=\"elementor-element elementor-element-fbb4729 elementor-widget elementor-widget-image\" data-id=\"fbb4729\" data-element_type=\"widget\" data-widget_type=\"image.default\">\n\t\t\t\t<div class=\"elementor-widget-container\">\n\t\t\t\t\t\t\t\t\t\t\t\t\t\t\t<img decoding=\"async\" width=\"600\" height=\"600\" src=\"https:\/\/maison-zellige.com\/wp-content\/uploads\/2020\/10\/panneaux2.jpg\" class=\"elementor-animation-shrink attachment-full size-full wp-image-196\" alt=\"carrelage zellige\" srcset=\"https:\/\/maison-zellige.com\/wp-content\/uploads\/2020\/10\/panneaux2.jpg 600w, https:\/\/maison-zellige.com\/wp-content\/uploads\/2020\/10\/panneaux2-300x300.jpg 300w, https:\/\/maison-zellige.com\/wp-content\/uploads\/2020\/10\/panneaux2-100x100.jpg 100w, https:\/\/maison-zellige.com\/wp-content\/uploads\/2020\/10\/panneaux2-150x150.jpg 150w\" sizes=\"(max-width: 600px) 100vw, 600px\" \/>\t\t\t\t\t\t\t\t\t\t\t\t\t\t\t<\/div>\n\t\t\t\t<\/div>\n\t\t\t\t\t<\/div>\n\t\t<\/div>\n\t\t\t\t\t<\/div>\n\t\t<\/section>\n\t\t\t\t<section class=\"elementor-section elementor-top-section elementor-element elementor-element-a54564a elementor-section-boxed elementor-section-height-default elementor-section-height-default\" data-id=\"a54564a\" data-element_type=\"section\">\n\t\t\t\t\t\t<div class=\"elementor-container elementor-column-gap-default\">\n\t\t\t\t\t<div class=\"elementor-column elementor-col-50 elementor-top-column elementor-element elementor-element-7faa490\" data-id=\"7faa490\" data-element_type=\"column\">\n\t\t\t<div class=\"elementor-widget-wrap elementor-element-populated\">\n\t\t\t\t\t\t<div class=\"elementor-element elementor-element-35abd5d elementor-widget elementor-widget-image\" data-id=\"35abd5d\" data-element_type=\"widget\" data-widget_type=\"image.default\">\n\t\t\t\t<div class=\"elementor-widget-container\">\n\t\t\t\t\t\t\t\t\t\t\t\t\t\t\t<img decoding=\"async\" width=\"600\" height=\"600\" src=\"https:\/\/maison-zellige.com\/wp-content\/uploads\/2020\/10\/panneaux3.jpg\" class=\"elementor-animation-shrink attachment-full size-full wp-image-197\" alt=\"carrelage zellige\" srcset=\"https:\/\/maison-zellige.com\/wp-content\/uploads\/2020\/10\/panneaux3.jpg 600w, https:\/\/maison-zellige.com\/wp-content\/uploads\/2020\/10\/panneaux3-300x300.jpg 300w, https:\/\/maison-zellige.com\/wp-content\/uploads\/2020\/10\/panneaux3-100x100.jpg 100w, https:\/\/maison-zellige.com\/wp-content\/uploads\/2020\/10\/panneaux3-150x150.jpg 150w\" sizes=\"(max-width: 600px) 100vw, 600px\" \/>\t\t\t\t\t\t\t\t\t\t\t\t\t\t\t<\/div>\n\t\t\t\t<\/div>\n\t\t\t\t\t<\/div>\n\t\t<\/div>\n\t\t\t\t<div class=\"elementor-column elementor-col-50 elementor-top-column elementor-element elementor-element-1461aab\" data-id=\"1461aab\" data-element_type=\"column\">\n\t\t\t<div class=\"elementor-widget-wrap elementor-element-populated\">\n\t\t\t\t\t\t<div class=\"elementor-element elementor-element-38ef7c3 elementor-widget elementor-widget-image\" data-id=\"38ef7c3\" data-element_type=\"widget\" data-widget_type=\"image.default\">\n\t\t\t\t<div class=\"elementor-widget-container\">\n\t\t\t\t\t\t\t\t\t\t\t\t\t\t\t<img loading=\"lazy\" decoding=\"async\" width=\"600\" height=\"600\" src=\"https:\/\/maison-zellige.com\/wp-content\/uploads\/2020\/10\/panneaux4.jpg\" class=\"elementor-animation-shrink attachment-full size-full wp-image-198\" alt=\"carrelage zellige\" srcset=\"https:\/\/maison-zellige.com\/wp-content\/uploads\/2020\/10\/panneaux4.jpg 600w, https:\/\/maison-zellige.com\/wp-content\/uploads\/2020\/10\/panneaux4-300x300.jpg 300w, https:\/\/maison-zellige.com\/wp-content\/uploads\/2020\/10\/panneaux4-100x100.jpg 100w, https:\/\/maison-zellige.com\/wp-content\/uploads\/2020\/10\/panneaux4-150x150.jpg 150w\" sizes=\"(max-width: 600px) 100vw, 600px\" \/>\t\t\t\t\t\t\t\t\t\t\t\t\t\t\t<\/div>\n\t\t\t\t<\/div>\n\t\t\t\t\t<\/div>\n\t\t<\/div>\n\t\t\t\t\t<\/div>\n\t\t<\/section>\n\t\t\t\t<section class=\"elementor-section elementor-top-section elementor-element elementor-element-ad41a55 elementor-section-boxed elementor-section-height-default elementor-section-height-default\" data-id=\"ad41a55\" data-element_type=\"section\">\n\t\t\t\t\t\t<div class=\"elementor-container elementor-column-gap-default\">\n\t\t\t\t\t<div class=\"elementor-column elementor-col-50 elementor-top-column elementor-element elementor-element-a246e11\" data-id=\"a246e11\" data-element_type=\"column\">\n\t\t\t<div class=\"elementor-widget-wrap elementor-element-populated\">\n\t\t\t\t\t\t<div class=\"elementor-element elementor-element-ae6cc34 elementor-widget elementor-widget-image\" data-id=\"ae6cc34\" data-element_type=\"widget\" data-widget_type=\"image.default\">\n\t\t\t\t<div class=\"elementor-widget-container\">\n\t\t\t\t\t\t\t\t\t\t\t\t\t\t\t<img loading=\"lazy\" decoding=\"async\" width=\"600\" height=\"600\" src=\"https:\/\/maison-zellige.com\/wp-content\/uploads\/2020\/10\/panneaux5.jpg\" class=\"elementor-animation-shrink attachment-full size-full wp-image-199\" alt=\"carrelage zellige\" srcset=\"https:\/\/maison-zellige.com\/wp-content\/uploads\/2020\/10\/panneaux5.jpg 600w, https:\/\/maison-zellige.com\/wp-content\/uploads\/2020\/10\/panneaux5-300x300.jpg 300w, https:\/\/maison-zellige.com\/wp-content\/uploads\/2020\/10\/panneaux5-100x100.jpg 100w, https:\/\/maison-zellige.com\/wp-content\/uploads\/2020\/10\/panneaux5-150x150.jpg 150w\" sizes=\"(max-width: 600px) 100vw, 600px\" \/>\t\t\t\t\t\t\t\t\t\t\t\t\t\t\t<\/div>\n\t\t\t\t<\/div>\n\t\t\t\t\t<\/div>\n\t\t<\/div>\n\t\t\t\t<div class=\"elementor-column elementor-col-50 elementor-top-column elementor-element elementor-element-7692ecf\" data-id=\"7692ecf\" data-element_type=\"column\">\n\t\t\t<div class=\"elementor-widget-wrap elementor-element-populated\">\n\t\t\t\t\t\t<div class=\"elementor-element elementor-element-47c4e33 elementor-widget elementor-widget-image\" data-id=\"47c4e33\" data-element_type=\"widget\" data-widget_type=\"image.default\">\n\t\t\t\t<div class=\"elementor-widget-container\">\n\t\t\t\t\t\t\t\t\t\t\t\t\t\t\t<img loading=\"lazy\" decoding=\"async\" width=\"600\" height=\"600\" src=\"https:\/\/maison-zellige.com\/wp-content\/uploads\/2020\/10\/panneaux6.jpg\" class=\"elementor-animation-shrink attachment-full size-full wp-image-200\" alt=\"carrelage zellige\" srcset=\"https:\/\/maison-zellige.com\/wp-content\/uploads\/2020\/10\/panneaux6.jpg 600w, https:\/\/maison-zellige.com\/wp-content\/uploads\/2020\/10\/panneaux6-300x300.jpg 300w, https:\/\/maison-zellige.com\/wp-content\/uploads\/2020\/10\/panneaux6-100x100.jpg 100w, https:\/\/maison-zellige.com\/wp-content\/uploads\/2020\/10\/panneaux6-150x150.jpg 150w\" sizes=\"(max-width: 600px) 100vw, 600px\" \/>\t\t\t\t\t\t\t\t\t\t\t\t\t\t\t<\/div>\n\t\t\t\t<\/div>\n\t\t\t\t\t<\/div>\n\t\t<\/div>\n\t\t\t\t\t<\/div>\n\t\t<\/section>\n\t\t\t\t<section class=\"elementor-section elementor-top-section elementor-element elementor-element-a371826 elementor-section-boxed elementor-section-height-default elementor-section-height-default\" data-id=\"a371826\" data-element_type=\"section\">\n\t\t\t\t\t\t<div class=\"elementor-container elementor-column-gap-default\">\n\t\t\t\t\t<div class=\"elementor-column elementor-col-50 elementor-top-column elementor-element elementor-element-f85b350\" data-id=\"f85b350\" data-element_type=\"column\">\n\t\t\t<div class=\"elementor-widget-wrap elementor-element-populated\">\n\t\t\t\t\t\t<div class=\"elementor-element elementor-element-23eec6f elementor-widget elementor-widget-image\" data-id=\"23eec6f\" data-element_type=\"widget\" data-widget_type=\"image.default\">\n\t\t\t\t<div class=\"elementor-widget-container\">\n\t\t\t\t\t\t\t\t\t\t\t\t\t\t\t<img loading=\"lazy\" decoding=\"async\" width=\"600\" height=\"600\" src=\"https:\/\/maison-zellige.com\/wp-content\/uploads\/2020\/10\/panneaux7.jpg\" class=\"elementor-animation-shrink attachment-full size-full wp-image-201\" alt=\"carrelage zellige\" srcset=\"https:\/\/maison-zellige.com\/wp-content\/uploads\/2020\/10\/panneaux7.jpg 600w, https:\/\/maison-zellige.com\/wp-content\/uploads\/2020\/10\/panneaux7-300x300.jpg 300w, https:\/\/maison-zellige.com\/wp-content\/uploads\/2020\/10\/panneaux7-100x100.jpg 100w, https:\/\/maison-zellige.com\/wp-content\/uploads\/2020\/10\/panneaux7-150x150.jpg 150w\" sizes=\"(max-width: 600px) 100vw, 600px\" \/>\t\t\t\t\t\t\t\t\t\t\t\t\t\t\t<\/div>\n\t\t\t\t<\/div>\n\t\t\t\t\t<\/div>\n\t\t<\/div>\n\t\t\t\t<div class=\"elementor-column elementor-col-50 elementor-top-column elementor-element elementor-element-3b2fffc\" data-id=\"3b2fffc\" data-element_type=\"column\">\n\t\t\t<div class=\"elementor-widget-wrap elementor-element-populated\">\n\t\t\t\t\t\t<div class=\"elementor-element elementor-element-794a60c elementor-widget elementor-widget-image\" data-id=\"794a60c\" data-element_type=\"widget\" data-widget_type=\"image.default\">\n\t\t\t\t<div class=\"elementor-widget-container\">\n\t\t\t\t\t\t\t\t\t\t\t\t\t\t\t<img loading=\"lazy\" decoding=\"async\" width=\"600\" height=\"600\" src=\"https:\/\/maison-zellige.com\/wp-content\/uploads\/2020\/10\/panneaux8.jpg\" class=\"elementor-animation-shrink attachment-full size-full wp-image-202\" alt=\"carrelage zellige\" srcset=\"https:\/\/maison-zellige.com\/wp-content\/uploads\/2020\/10\/panneaux8.jpg 600w, https:\/\/maison-zellige.com\/wp-content\/uploads\/2020\/10\/panneaux8-300x300.jpg 300w, https:\/\/maison-zellige.com\/wp-content\/uploads\/2020\/10\/panneaux8-100x100.jpg 100w, https:\/\/maison-zellige.com\/wp-content\/uploads\/2020\/10\/panneaux8-150x150.jpg 150w\" sizes=\"(max-width: 600px) 100vw, 600px\" \/>\t\t\t\t\t\t\t\t\t\t\t\t\t\t\t<\/div>\n\t\t\t\t<\/div>\n\t\t\t\t\t<\/div>\n\t\t<\/div>\n\t\t\t\t\t<\/div>\n\t\t<\/section>\n\t\t\t\t<\/div>","protected":false},"excerpt":{"rendered":"<p>NOS PANNEAUX EN ZELLIGE ENTRE H\u00c9RITAGE ET MODERNIT\u00c9 Nos ma\u00eetres artisans\u00a0Marocains\u00a0et Fran\u00e7ais ont le plaisir de vous proposer\u00a0une gamme de produits faits \u00e0 la main \u00e0 la fois traditionnels et contemporains pour illuminer l\u2019int\u00e9rieur de tous vos projets.<\/p>","protected":false},"author":1,"featured_media":0,"parent":0,"menu_order":0,"comment_status":"closed","ping_status":"closed","template":"","meta":{"_monsterinsights_skip_tracking":false,"_monsterinsights_sitenote_active":false,"_monsterinsights_sitenote_note":"","_monsterinsights_sitenote_category":0,"footnotes":""},"_links":{"self":[{"href":"https:\/\/maison-zellige.com\/en\/wp-json\/wp\/v2\/pages\/192"}],"collection":[{"href":"https:\/\/maison-zellige.com\/en\/wp-json\/wp\/v2\/pages"}],"about":[{"href":"https:\/\/maison-zellige.com\/en\/wp-json\/wp\/v2\/types\/page"}],"author":[{"embeddable":true,"href":"https:\/\/maison-zellige.com\/en\/wp-json\/wp\/v2\/users\/1"}],"replies":[{"embeddable":true,"href":"https:\/\/maison-zellige.com\/en\/wp-json\/wp\/v2\/comments?post=192"}],"version-history":[{"count":0,"href":"https:\/\/maison-zellige.com\/en\/wp-json\/wp\/v2\/pages\/192\/revisions"}],"wp:attachment":[{"href":"https:\/\/maison-zellige.com\/en\/wp-json\/wp\/v2\/media?parent=192"}],"curies":[{"name":"wp","href":"https:\/\/api.w.org\/{rel}","templated":true}]}}