{"id":1709,"date":"2020-10-28T15:58:06","date_gmt":"2020-10-28T14:58:06","guid":{"rendered":"https:\/\/maison-zellige.com\/?page_id=1709"},"modified":"2022-03-03T11:41:14","modified_gmt":"2022-03-03T10:41:14","slug":"carreaux-zellige-marocain","status":"publish","type":"page","link":"https:\/\/maison-zellige.com\/en\/carreaux-zellige-marocain\/","title":{"rendered":"Preassembled"},"content":{"rendered":"<div data-elementor-type=\"wp-page\" data-elementor-id=\"1709\" class=\"elementor elementor-1709\" data-elementor-post-type=\"page\">\n\t\t\t\t\t\t<section class=\"elementor-section elementor-top-section elementor-element elementor-element-2363569 elementor-section-boxed elementor-section-height-default elementor-section-height-default\" data-id=\"2363569\" data-element_type=\"section\">\n\t\t\t\t\t\t<div class=\"elementor-container elementor-column-gap-default\">\n\t\t\t\t\t<div class=\"elementor-column elementor-col-100 elementor-top-column elementor-element elementor-element-228170a\" data-id=\"228170a\" data-element_type=\"column\">\n\t\t\t<div class=\"elementor-widget-wrap elementor-element-populated\">\n\t\t\t\t\t\t<div class=\"elementor-element elementor-element-3baa8a7 elementor-widget elementor-widget-heading\" data-id=\"3baa8a7\" data-element_type=\"widget\" data-widget_type=\"heading.default\">\n\t\t\t\t<div class=\"elementor-widget-container\">\n\t\t\t\t\t<h1 class=\"elementor-heading-title elementor-size-default\">ONLINE SALE OF PRE-ASSEMBLED ZELLIGE TILE PANELS<\/h1>\t\t\t\t<\/div>\n\t\t\t\t<\/div>\n\t\t\t\t<div class=\"elementor-element elementor-element-2d64fec elementor-widget elementor-widget-heading\" data-id=\"2d64fec\" data-element_type=\"widget\" data-widget_type=\"heading.default\">\n\t\t\t\t<div class=\"elementor-widget-container\">\n\t\t\t\t\t<h2 class=\"elementor-heading-title elementor-size-default\">Our models are Zellige tile panels, Maison Zellige creations: they are protected, subject to copyright, any reproduction is prohibited.<\/h2>\t\t\t\t<\/div>\n\t\t\t\t<\/div>\n\t\t\t\t\t<\/div>\n\t\t<\/div>\n\t\t\t\t\t<\/div>\n\t\t<\/section>\n\t\t\t\t<section class=\"elementor-section elementor-top-section elementor-element elementor-element-893942b elementor-section-boxed elementor-section-height-default elementor-section-height-default\" data-id=\"893942b\" data-element_type=\"section\">\n\t\t\t\t\t\t<div class=\"elementor-container elementor-column-gap-default\">\n\t\t\t\t\t<div class=\"elementor-column elementor-col-100 elementor-top-column elementor-element elementor-element-49e502f\" data-id=\"49e502f\" data-element_type=\"column\">\n\t\t\t<div class=\"elementor-widget-wrap elementor-element-populated\">\n\t\t\t\t\t\t<div class=\"elementor-element elementor-element-56d4132 elementor-widget elementor-widget-gallery\" data-id=\"56d4132\" data-element_type=\"widget\" data-settings=\"{&quot;aspect_ratio&quot;:&quot;1:1&quot;,&quot;lazyload&quot;:&quot;yes&quot;,&quot;gallery_layout&quot;:&quot;grid&quot;,&quot;columns&quot;:4,&quot;columns_tablet&quot;:2,&quot;columns_mobile&quot;:1,&quot;gap&quot;:{&quot;unit&quot;:&quot;px&quot;,&quot;size&quot;:10,&quot;sizes&quot;:[]},&quot;gap_tablet&quot;:{&quot;unit&quot;:&quot;px&quot;,&quot;size&quot;:10,&quot;sizes&quot;:[]},&quot;gap_mobile&quot;:{&quot;unit&quot;:&quot;px&quot;,&quot;size&quot;:10,&quot;sizes&quot;:[]},&quot;link_to&quot;:&quot;file&quot;,&quot;overlay_background&quot;:&quot;yes&quot;,&quot;content_hover_animation&quot;:&quot;fade-in&quot;}\" data-widget_type=\"gallery.default\">\n\t\t\t\t<div class=\"elementor-widget-container\">\n\t\t\t\t\t\t\t<div class=\"elementor-gallery__container\">\n\t\t\t\t\t\t\t<a class=\"e-gallery-item elementor-gallery-item elementor-animated-content\" href=\"https:\/\/maison-zellige.com\/wp-content\/uploads\/2021\/04\/TETOUAN-3.jpg\" data-elementor-open-lightbox=\"yes\" data-elementor-lightbox-slideshow=\"56d4132\" data-elementor-lightbox-title=\"T04\" data-e-action-hash=\"#elementor-action%3Aaction%3Dlightbox%26settings%3DeyJpZCI6MjQ2NiwidXJsIjoiaHR0cHM6XC9cL21haXNvbi16ZWxsaWdlLmNvbVwvd3AtY29udGVudFwvdXBsb2Fkc1wvMjAyMVwvMDRcL1RFVE9VQU4tMy5qcGciLCJzbGlkZXNob3ciOiI1NmQ0MTMyIn0%3D\">\n\t\t\t\t\t<div class=\"e-gallery-image elementor-gallery-item__image\" data-thumbnail=\"https:\/\/maison-zellige.com\/wp-content\/uploads\/2021\/04\/TETOUAN-3-150x150.jpg\" data-width=\"150\" data-height=\"150\" aria-label=\"\" role=\"img\" ><\/div>\n\t\t\t\t\t\t\t\t\t\t\t<div class=\"elementor-gallery-item__overlay\"><\/div>\n\t\t\t\t\t\t\t\t\t\t\t\t\t\t<\/a>\n\t\t\t\t\t\t\t<a class=\"e-gallery-item elementor-gallery-item elementor-animated-content\" href=\"https:\/\/maison-zellige.com\/wp-content\/uploads\/2021\/04\/MOGADOR-03-1.jpg\" data-elementor-open-lightbox=\"yes\" data-elementor-lightbox-slideshow=\"56d4132\" data-elementor-lightbox-title=\"T08\" data-e-action-hash=\"#elementor-action%3Aaction%3Dlightbox%26settings%3DeyJpZCI6MjQ1OSwidXJsIjoiaHR0cHM6XC9cL21haXNvbi16ZWxsaWdlLmNvbVwvd3AtY29udGVudFwvdXBsb2Fkc1wvMjAyMVwvMDRcL01PR0FET1ItMDMtMS5qcGciLCJzbGlkZXNob3ciOiI1NmQ0MTMyIn0%3D\">\n\t\t\t\t\t<div class=\"e-gallery-image elementor-gallery-item__image\" data-thumbnail=\"https:\/\/maison-zellige.com\/wp-content\/uploads\/2021\/04\/MOGADOR-03-1-150x150.jpg\" data-width=\"150\" data-height=\"150\" aria-label=\"\" role=\"img\" ><\/div>\n\t\t\t\t\t\t\t\t\t\t\t<div class=\"elementor-gallery-item__overlay\"><\/div>\n\t\t\t\t\t\t\t\t\t\t\t\t\t\t<\/a>\n\t\t\t\t\t\t\t<a class=\"e-gallery-item elementor-gallery-item elementor-animated-content\" href=\"https:\/\/maison-zellige.com\/wp-content\/uploads\/2020\/10\/PAPYRUS-BLEU-PETROL-OR-MASSIF--scaled.jpg\" data-elementor-open-lightbox=\"yes\" data-elementor-lightbox-slideshow=\"56d4132\" data-elementor-lightbox-title=\"PAPYRUS BLEU PETROL OR MASSIF\" data-e-action-hash=\"#elementor-action%3Aaction%3Dlightbox%26settings%3DeyJpZCI6MjkxMywidXJsIjoiaHR0cHM6XC9cL21haXNvbi16ZWxsaWdlLmNvbVwvd3AtY29udGVudFwvdXBsb2Fkc1wvMjAyMFwvMTBcL1BBUFlSVVMtQkxFVS1QRVRST0wtT1ItTUFTU0lGLS1zY2FsZWQuanBnIiwic2xpZGVzaG93IjoiNTZkNDEzMiJ9\">\n\t\t\t\t\t<div class=\"e-gallery-image elementor-gallery-item__image\" data-thumbnail=\"https:\/\/maison-zellige.com\/wp-content\/uploads\/2020\/10\/PAPYRUS-BLEU-PETROL-OR-MASSIF--150x150.jpg\" data-width=\"150\" data-height=\"150\" aria-label=\"carrelage zellige\" role=\"img\" ><\/div>\n\t\t\t\t\t\t\t\t\t\t\t<div class=\"elementor-gallery-item__overlay\"><\/div>\n\t\t\t\t\t\t\t\t\t\t\t\t\t\t<\/a>\n\t\t\t\t\t\t\t<a class=\"e-gallery-item elementor-gallery-item elementor-animated-content\" href=\"https:\/\/maison-zellige.com\/wp-content\/uploads\/2021\/04\/MEKNES-1.jpg\" data-elementor-open-lightbox=\"yes\" data-elementor-lightbox-slideshow=\"56d4132\" data-elementor-lightbox-title=\"M23\" data-e-action-hash=\"#elementor-action%3Aaction%3Dlightbox%26settings%3DeyJpZCI6MjQ0NiwidXJsIjoiaHR0cHM6XC9cL21haXNvbi16ZWxsaWdlLmNvbVwvd3AtY29udGVudFwvdXBsb2Fkc1wvMjAyMVwvMDRcL01FS05FUy0xLmpwZyIsInNsaWRlc2hvdyI6IjU2ZDQxMzIifQ%3D%3D\">\n\t\t\t\t\t<div class=\"e-gallery-image elementor-gallery-item__image\" data-thumbnail=\"https:\/\/maison-zellige.com\/wp-content\/uploads\/2021\/04\/MEKNES-1-150x150.jpg\" data-width=\"150\" data-height=\"150\" aria-label=\"\" role=\"img\" ><\/div>\n\t\t\t\t\t\t\t\t\t\t\t<div class=\"elementor-gallery-item__overlay\"><\/div>\n\t\t\t\t\t\t\t\t\t\t\t\t\t\t<\/a>\n\t\t\t\t\t\t\t<a class=\"e-gallery-item elementor-gallery-item elementor-animated-content\" href=\"https:\/\/maison-zellige.com\/wp-content\/uploads\/2021\/04\/BOUFEKRANE-12.jpg\" data-elementor-open-lightbox=\"yes\" data-elementor-lightbox-slideshow=\"56d4132\" data-elementor-lightbox-title=\"B20\" data-e-action-hash=\"#elementor-action%3Aaction%3Dlightbox%26settings%3DeyJpZCI6MjQ0OSwidXJsIjoiaHR0cHM6XC9cL21haXNvbi16ZWxsaWdlLmNvbVwvd3AtY29udGVudFwvdXBsb2Fkc1wvMjAyMVwvMDRcL0JPVUZFS1JBTkUtMTIuanBnIiwic2xpZGVzaG93IjoiNTZkNDEzMiJ9\">\n\t\t\t\t\t<div class=\"e-gallery-image elementor-gallery-item__image\" data-thumbnail=\"https:\/\/maison-zellige.com\/wp-content\/uploads\/2021\/04\/BOUFEKRANE-12-150x150.jpg\" data-width=\"150\" data-height=\"150\" aria-label=\"\" role=\"img\" ><\/div>\n\t\t\t\t\t\t\t\t\t\t\t<div class=\"elementor-gallery-item__overlay\"><\/div>\n\t\t\t\t\t\t\t\t\t\t\t\t\t\t<\/a>\n\t\t\t\t\t\t\t<a class=\"e-gallery-item elementor-gallery-item elementor-animated-content\" href=\"https:\/\/maison-zellige.com\/wp-content\/uploads\/2021\/04\/IMG_20210115_110316_035.jpg\" data-elementor-open-lightbox=\"yes\" data-elementor-lightbox-slideshow=\"56d4132\" data-elementor-lightbox-title=\"Rosas or massif noir et vert\" data-elementor-lightbox-description=\"Rosas compos\u00e9 de teintes : - Or massif-Vert d&#039;eau- noir \" data-e-action-hash=\"#elementor-action%3Aaction%3Dlightbox%26settings%3DeyJpZCI6MjU0NywidXJsIjoiaHR0cHM6XC9cL21haXNvbi16ZWxsaWdlLmNvbVwvd3AtY29udGVudFwvdXBsb2Fkc1wvMjAyMVwvMDRcL0lNR18yMDIxMDExNV8xMTAzMTZfMDM1LmpwZyIsInNsaWRlc2hvdyI6IjU2ZDQxMzIifQ%3D%3D\">\n\t\t\t\t\t<div class=\"e-gallery-image elementor-gallery-item__image\" data-thumbnail=\"https:\/\/maison-zellige.com\/wp-content\/uploads\/2021\/04\/IMG_20210115_110316_035-150x150.jpg\" data-width=\"150\" data-height=\"150\" aria-label=\"\" role=\"img\" ><\/div>\n\t\t\t\t\t\t\t\t\t\t\t<div class=\"elementor-gallery-item__overlay\"><\/div>\n\t\t\t\t\t\t\t\t\t\t\t\t\t\t<\/a>\n\t\t\t\t\t\t\t<a class=\"e-gallery-item elementor-gallery-item elementor-animated-content\" href=\"https:\/\/maison-zellige.com\/wp-content\/uploads\/2021\/09\/MOSAIQUE-ART-COLLECTION-NOIR--scaled.jpg\" data-elementor-open-lightbox=\"yes\" data-elementor-lightbox-slideshow=\"56d4132\" data-elementor-lightbox-title=\"Mosa\u00efque art noir r\u00e9f 39039\" data-e-action-hash=\"#elementor-action%3Aaction%3Dlightbox%26settings%3DeyJpZCI6MzEwMCwidXJsIjoiaHR0cHM6XC9cL21haXNvbi16ZWxsaWdlLmNvbVwvd3AtY29udGVudFwvdXBsb2Fkc1wvMjAyMVwvMDlcL01PU0FJUVVFLUFSVC1DT0xMRUNUSU9OLU5PSVItLXNjYWxlZC5qcGciLCJzbGlkZXNob3ciOiI1NmQ0MTMyIn0%3D\">\n\t\t\t\t\t<div class=\"e-gallery-image elementor-gallery-item__image\" data-thumbnail=\"https:\/\/maison-zellige.com\/wp-content\/uploads\/2021\/09\/MOSAIQUE-ART-COLLECTION-NOIR--150x150.jpg\" data-width=\"150\" data-height=\"150\" aria-label=\"\" role=\"img\" ><\/div>\n\t\t\t\t\t\t\t\t\t\t\t<div class=\"elementor-gallery-item__overlay\"><\/div>\n\t\t\t\t\t\t\t\t\t\t\t\t\t\t<\/a>\n\t\t\t\t\t\t\t<a class=\"e-gallery-item elementor-gallery-item elementor-animated-content\" href=\"https:\/\/maison-zellige.com\/wp-content\/uploads\/2020\/10\/PAPYRUS-VERT-OR-MASSIF-.jpg\" data-elementor-open-lightbox=\"yes\" data-elementor-lightbox-slideshow=\"56d4132\" data-elementor-lightbox-title=\"PAPYRUS VERT OR MASSIF\" data-e-action-hash=\"#elementor-action%3Aaction%3Dlightbox%26settings%3DeyJpZCI6MjkxNCwidXJsIjoiaHR0cHM6XC9cL21haXNvbi16ZWxsaWdlLmNvbVwvd3AtY29udGVudFwvdXBsb2Fkc1wvMjAyMFwvMTBcL1BBUFlSVVMtVkVSVC1PUi1NQVNTSUYtLmpwZyIsInNsaWRlc2hvdyI6IjU2ZDQxMzIifQ%3D%3D\">\n\t\t\t\t\t<div class=\"e-gallery-image elementor-gallery-item__image\" data-thumbnail=\"https:\/\/maison-zellige.com\/wp-content\/uploads\/2020\/10\/PAPYRUS-VERT-OR-MASSIF--150x150.jpg\" data-width=\"150\" data-height=\"150\" aria-label=\"carrelage zellige\" role=\"img\" ><\/div>\n\t\t\t\t\t\t\t\t\t\t\t<div class=\"elementor-gallery-item__overlay\"><\/div>\n\t\t\t\t\t\t\t\t\t\t\t\t\t\t<\/a>\n\t\t\t\t\t<\/div>\n\t\t\t\t\t<\/div>\n\t\t\t\t<\/div>\n\t\t\t\t\t<\/div>\n\t\t<\/div>\n\t\t\t\t\t<\/div>\n\t\t<\/section>\n\t\t\t\t<section class=\"elementor-section elementor-top-section elementor-element elementor-element-0e8e0b1 elementor-section-boxed elementor-section-height-default elementor-section-height-default\" data-id=\"0e8e0b1\" data-element_type=\"section\">\n\t\t\t\t\t\t<div class=\"elementor-container elementor-column-gap-default\">\n\t\t\t\t\t<div class=\"elementor-column elementor-col-100 elementor-top-column elementor-element elementor-element-a7fd288\" data-id=\"a7fd288\" data-element_type=\"column\">\n\t\t\t<div class=\"elementor-widget-wrap elementor-element-populated\">\n\t\t\t\t\t\t\t<\/div>\n\t\t<\/div>\n\t\t\t\t\t<\/div>\n\t\t<\/section>\n\t\t\t\t<section class=\"elementor-section elementor-top-section elementor-element elementor-element-7222b75 elementor-section-boxed elementor-section-height-default elementor-section-height-default\" data-id=\"7222b75\" data-element_type=\"section\">\n\t\t\t\t\t\t<div class=\"elementor-container elementor-column-gap-default\">\n\t\t\t\t\t<div class=\"elementor-column elementor-col-100 elementor-top-column elementor-element elementor-element-e0d7a65\" data-id=\"e0d7a65\" data-element_type=\"column\">\n\t\t\t<div class=\"elementor-widget-wrap elementor-element-populated\">\n\t\t\t\t\t\t<div class=\"elementor-element elementor-element-67bc29e elementor-widget elementor-widget-spacer\" data-id=\"67bc29e\" data-element_type=\"widget\" data-widget_type=\"spacer.default\">\n\t\t\t\t<div class=\"elementor-widget-container\">\n\t\t\t\t\t\t\t<div class=\"elementor-spacer\">\n\t\t\t<div class=\"elementor-spacer-inner\"><\/div>\n\t\t<\/div>\n\t\t\t\t\t\t<\/div>\n\t\t\t\t<\/div>\n\t\t\t\t\t<\/div>\n\t\t<\/div>\n\t\t\t\t\t<\/div>\n\t\t<\/section>\n\t\t\t\t<section class=\"elementor-section elementor-top-section elementor-element elementor-element-4041b481 elementor-section-boxed elementor-section-height-default elementor-section-height-default\" data-id=\"4041b481\" data-element_type=\"section\">\n\t\t\t\t\t\t<div class=\"elementor-container elementor-column-gap-default\">\n\t\t\t\t\t<div class=\"elementor-column elementor-col-100 elementor-top-column elementor-element elementor-element-742a56a3\" data-id=\"742a56a3\" data-element_type=\"column\">\n\t\t\t<div class=\"elementor-widget-wrap elementor-element-populated\">\n\t\t\t\t\t\t<div class=\"elementor-element elementor-element-656baeed elementor-product-loop-item--align-center elementor-grid-4 elementor-grid-tablet-3 elementor-grid-mobile-2 elementor-products-grid elementor-wc-products elementor-widget elementor-widget-woocommerce-products\" data-id=\"656baeed\" data-element_type=\"widget\" data-widget_type=\"woocommerce-products.default\">\n\t\t\t\t<div class=\"elementor-widget-container\">\n\t\t\t\t\t<div class=\"woocommerce columns-4\"><ul class=\"products elementor-grid columns-4\">\n<li class=\"product type-product post-5635 status-publish first instock product_cat-frises-en-zellige product_tag-panneaux has-post-thumbnail taxable shipping-taxable purchasable product-type-variable\">\n\t<\/li>\n<li class=\"product type-product post-5630 status-publish instock product_cat-frises-en-zellige product_tag-panneaux has-post-thumbnail taxable shipping-taxable purchasable product-type-variable\">\n\t<\/li>\n<li class=\"product type-product post-5626 status-publish instock product_cat-frises-en-zellige has-post-thumbnail taxable shipping-taxable purchasable product-type-variable\">\n\t<\/li>\n<li class=\"product type-product post-5533 status-publish last instock product_cat-frises-en-zellige has-post-thumbnail taxable shipping-taxable purchasable product-type-variable\">\n\t<\/li>\n<li class=\"product type-product post-4920 status-publish first instock product_cat-frises-en-zellige has-post-thumbnail taxable shipping-taxable purchasable product-type-variable\">\n\t<\/li>\n<li class=\"product type-product post-4752 status-publish instock product_cat-frises-en-zellige has-post-thumbnail taxable shipping-taxable purchasable product-type-variable\">\n\t<\/li>\n<li class=\"product type-product post-4748 status-publish instock product_cat-frises-en-zellige has-post-thumbnail taxable shipping-taxable purchasable product-type-variable\">\n\t<\/li>\n<li class=\"product type-product post-4653 status-publish last instock product_cat-frises-en-zellige product_cat-zellige-bleu-vert-noir-blanc-rose-jaune product_tag-les-frises-en-zellige has-post-thumbnail taxable shipping-taxable purchasable product-type-variable\">\n\t<\/li>\n<li class=\"product type-product post-4649 status-publish first instock product_cat-frises-en-zellige has-post-thumbnail taxable shipping-taxable purchasable product-type-variable\">\n\t<\/li>\n<li class=\"product type-product post-4644 status-publish instock product_cat-frises-en-zellige has-post-thumbnail taxable shipping-taxable purchasable product-type-variable\">\n\t<\/li>\n<li class=\"product type-product post-4583 status-publish instock product_cat-frises-en-zellige has-post-thumbnail taxable shipping-taxable purchasable product-type-variable\">\n\t<\/li>\n<li class=\"product type-product post-4370 status-publish last instock product_cat-frises-en-zellige has-post-thumbnail taxable shipping-taxable purchasable product-type-variable\">\n\t<\/li>\n<li class=\"product type-product post-4171 status-publish first instock product_cat-frises-en-zellige has-post-thumbnail taxable shipping-taxable purchasable product-type-variable\">\n\t<\/li>\n<li class=\"product type-product post-3109 status-publish instock product_cat-frises-en-zellige has-post-thumbnail taxable shipping-taxable purchasable product-type-variable\">\n\t<\/li>\n<li class=\"product type-product post-3107 status-publish instock product_cat-frises-en-zellige has-post-thumbnail taxable shipping-taxable purchasable product-type-variable has-default-attributes\">\n\t<\/li>\n<li class=\"product type-product post-3067 status-publish last instock product_cat-frises-en-zellige has-post-thumbnail taxable shipping-taxable purchasable product-type-variable\">\n\t<\/li>\n<\/ul>\n<\/div>\t\t\t\t<\/div>\n\t\t\t\t<\/div>\n\t\t\t\t\t<\/div>\n\t\t<\/div>\n\t\t\t\t\t<\/div>\n\t\t<\/section>\n\t\t\t\t<\/div>","protected":false},"excerpt":{"rendered":"<p>VENTE EN LIGNE PANNEAUX EN CARREAUX DE ZELLIGE PR\u00c9ASSEMBLES Nos mod\u00e8les sont des panneaux en carreaux de Zellige, cr\u00e9ations Maison Zellige : elles sont prot\u00e9g\u00e9es, soumises \u00e0 droit d&rsquo;auteur, toute reproduction est interdite.<\/p>","protected":false},"author":1,"featured_media":0,"parent":0,"menu_order":0,"comment_status":"closed","ping_status":"closed","template":"","meta":{"_monsterinsights_skip_tracking":false,"_monsterinsights_sitenote_active":false,"_monsterinsights_sitenote_note":"","_monsterinsights_sitenote_category":0,"footnotes":""},"_links":{"self":[{"href":"https:\/\/maison-zellige.com\/en\/wp-json\/wp\/v2\/pages\/1709"}],"collection":[{"href":"https:\/\/maison-zellige.com\/en\/wp-json\/wp\/v2\/pages"}],"about":[{"href":"https:\/\/maison-zellige.com\/en\/wp-json\/wp\/v2\/types\/page"}],"author":[{"embeddable":true,"href":"https:\/\/maison-zellige.com\/en\/wp-json\/wp\/v2\/users\/1"}],"replies":[{"embeddable":true,"href":"https:\/\/maison-zellige.com\/en\/wp-json\/wp\/v2\/comments?post=1709"}],"version-history":[{"count":0,"href":"https:\/\/maison-zellige.com\/en\/wp-json\/wp\/v2\/pages\/1709\/revisions"}],"wp:attachment":[{"href":"https:\/\/maison-zellige.com\/en\/wp-json\/wp\/v2\/media?parent=1709"}],"curies":[{"name":"wp","href":"https:\/\/api.w.org\/{rel}","templated":true}]}}